{"id":8385,"date":"2015-10-13T17:08:55","date_gmt":"2015-10-13T15:08:55","guid":{"rendered":"https:\/\/centreassistencia.com\/nova_web\/?page_id=8385&#038;lang=es"},"modified":"2021-07-06T16:00:51","modified_gmt":"2021-07-06T14:00:51","slug":"quienes-somos","status":"publish","type":"page","link":"https:\/\/centreassistencia.com\/es\/quienes-somos\/","title":{"rendered":"Quienes somos"},"content":{"rendered":"<p>[vc_row][vc_column][vc_column_text]<div class=\"row \"><div class=\"wpv-grid grid-1-1  wpv-first-level first unextended\" style=\"padding-top:30px;padding-bottom:10px\" id=\"wpv-column-4fc26f2f30c7e21670a7bc6545a77428\" ><div class=\"row \"><div class=\"wpv-grid grid-1-2  first unextended animation-from-left animated-active\" style=\"padding-top:0px;padding-bottom:0px\" id=\"wpv-column-3e1e67e3ac7b17eb2e2f51d6844ca366\" ><h2>Benvinguts al Centre d&#8217;Assist\u00e8ncia S\u00f2cio Sanit\u00e0ria<\/h2>\n<div class=\"push\" style='height:20px'><\/div><strong>El CENTRE D&#8217;ASSIST\u00c8NCIA S\u00d2CIO SANIT\u00c0RIA S.L. (CASS)<\/strong> amb registre de la marca i el logotip a l&#8217;<em>Oficina de patents i marques<\/em>, est\u00e0 inscrit al registre Mercantil de Barcelona, i es va constituir a l&#8217;any 1999.<\/p>\n<p>El centre el formen un equip de direcci\u00f3 i professionals del dret, medicina, gerontologia, infermeria, podologia, fisioter\u00e0pia, treballadores familiars i auxiliars d&#8217;ajuda a domicili.<\/p>\n<p>Us\u00a0oferim una pr\u00e0ctica assistencial basada en criteris d&#8217;efectivitat, efici\u00e8ncia, immediatesa i qualitat.<\/p>\n<ul style=\"list-style-type: disc; padding-left: 20px;\">\n<li><a href=\"\/nova_web\/?page_id=8017\">Servei d&#8217;atenci\u00f3 domicili\u00e0ria SAD<\/a><\/li>\n<li><a href=\"\/nova_web\/?page_id=8082\">Servei d&#8217;assit\u00e8ncia sanit\u00e0ria SAS<\/a><\/li>\n<li><a href=\"\/nova_web\/?page_id=8097\">Formaci\u00f3<\/a><\/li>\n<li><a href=\"\/nova_web\/?page_id=8092\">Serveis jur\u00eddics<\/a><\/li>\n<\/ul>\n<div class=\"push\" style='height:10px'><\/div><\/div>\n<div class=\"wpv-grid grid-1-2  unextended animation-from-right animated-active\" style=\"padding-top:0px;padding-bottom:0px\" id=\"wpv-column-5727d6b291e2c0058c0385da26dff176\" ><p><img loading=\"lazy\" decoding=\"async\" class=\"alignnone size-full wp-image-8080\" src=\"https:\/\/centreassistencia.com\/wp-content\/uploads\/2015\/10\/qui-som-cass.jpg\" alt=\"qui-som-cass\" width=\"800\" height=\"533\" \/><\/div><\/div><\/div><\/div>\n<div class=\"push\" style='height:20px'><\/div>\n<div class=\"row \"><div class=\"wpv-grid grid-1-1  wpv-first-level first unextended animation-fade-in animated-active\" style=\"padding-top:0px;padding-bottom:0px\" id=\"wpv-column-1932e4c62d531043fd4d54918f0cebcb\" ><div class=\"row \"><div class=\"wpv-grid grid-1-1  first extended\" style=\"padding-top:0px;padding-bottom:50px\" id=\"wpv-column-3943685ec35f094c0694ee16e79e9f0f\" ><div class=\"extended-column-inner\">\t\t<h2 class=\"text-divider-double\">\t\t\tHan confiat amb nosaltres\t\t<\/h2>\t\t<div class=\"sep\"><\/div>\t<p>Des de la nostra creaci\u00f3, l&#8217;any 1999,\u00a0hem col\u00b7laborat amb els nostres serveis d&#8217;atenci\u00f3 domiciliaria, sanit\u00e0ria, docent i assessorament en empreses i entitats com:<\/div><\/div><\/div>\n<p>\n\t\t\t<!-- START Logos entitats REVOLUTION SLIDER 6.5.11 --><p class=\"rs-p-wp-fix\"><\/p>\n\t\t\t<rs-module-wrap id=\"rev_slider_2_1_wrapper\" data-source=\"gallery\" style=\"visibility:hidden;background:transparent;padding:0;margin:0px auto;margin-top:0;margin-bottom:0;max-width:;\">\n\t\t\t\t<rs-module id=\"rev_slider_2_1\" style=\"\" data-version=\"6.5.11\">\n\t\t\t\t\t<rs-slides>\n\t\t\t\t\t\t<rs-slide style=\"position: absolute;\" data-key=\"rs-6\" data-title=\"Slide\" data-in=\"o:0;\" data-out=\"a:false;\">\n\t\t\t\t\t\t\t<img decoding=\"async\" src=\"\/\/centreassistencia.com\/wp-content\/plugins\/revslider\/public\/assets\/assets\/dummy.png\" alt=\"Slide\" title=\"Quienes somos\" class=\"rev-slidebg tp-rs-img rs-lazyload\" data-lazyload=\"\/\/centreassistencia.com\/wp-content\/plugins\/revslider\/public\/assets\/assets\/transparent.png\" data-no-retina>\n<!--\n\t\t\t\t\t\t\t--><rs-layer\n\t\t\t\t\t\t\t\tid=\"slider-2-slide-6-layer-1\" \n\t\t\t\t\t\t\t\tdata-type=\"image\"\n\t\t\t\t\t\t\t\tdata-rsp_ch=\"on\"\n\t\t\t\t\t\t\t\tdata-xy=\"x:-1px;y:-1px;\"\n\t\t\t\t\t\t\t\tdata-text=\"l:22;\"\n\t\t\t\t\t\t\t\tdata-dim=\"w:1240px;h:240px;\"\n\t\t\t\t\t\t\t\tdata-frame_0=\"tp:600;\"\n\t\t\t\t\t\t\t\tdata-frame_1=\"tp:600;e:power2.inOut;st:500;\"\n\t\t\t\t\t\t\t\tdata-frame_999=\"o:0;tp:600;e:nothing;st:w;\"\n\t\t\t\t\t\t\t\tstyle=\"z-index:5;\"\n\t\t\t\t\t\t\t><img loading=\"lazy\" decoding=\"async\" src=\"\/\/centreassistencia.com\/wp-content\/plugins\/revslider\/public\/assets\/assets\/dummy.png\" class=\"tp-rs-img rs-lazyload\" width=\"1240\" height=\"240\" data-lazyload=\"\/\/centreassistencia.com\/wp-content\/uploads\/revslider\/logos-entitats\/slide1-logos.jpg\" data-no-retina> \n\t\t\t\t\t\t\t<\/rs-layer><!--\n-->\t\t\t\t\t\t<\/rs-slide>\n\t\t\t\t\t\t<rs-slide style=\"position: absolute;\" data-key=\"rs-7\" data-title=\"Slide\" data-in=\"o:0;\" data-out=\"a:false;\">\n\t\t\t\t\t\t\t<img decoding=\"async\" src=\"\/\/centreassistencia.com\/wp-content\/plugins\/revslider\/public\/assets\/assets\/dummy.png\" alt=\"Slide\" title=\"Quienes somos\" class=\"rev-slidebg tp-rs-img rs-lazyload\" data-lazyload=\"\/\/centreassistencia.com\/wp-content\/plugins\/revslider\/public\/assets\/assets\/transparent.png\" data-no-retina>\n<!--\n\t\t\t\t\t\t\t--><rs-layer\n\t\t\t\t\t\t\t\tid=\"slider-2-slide-7-layer-1\" \n\t\t\t\t\t\t\t\tdata-type=\"image\"\n\t\t\t\t\t\t\t\tdata-rsp_ch=\"on\"\n\t\t\t\t\t\t\t\tdata-xy=\"x:-2px;y:-1px;\"\n\t\t\t\t\t\t\t\tdata-text=\"l:22;\"\n\t\t\t\t\t\t\t\tdata-dim=\"w:1240px;h:240px;\"\n\t\t\t\t\t\t\t\tdata-frame_0=\"tp:600;\"\n\t\t\t\t\t\t\t\tdata-frame_1=\"tp:600;e:power2.inOut;st:500;\"\n\t\t\t\t\t\t\t\tdata-frame_999=\"o:0;tp:600;e:nothing;st:w;\"\n\t\t\t\t\t\t\t\tstyle=\"z-index:5;\"\n\t\t\t\t\t\t\t><img loading=\"lazy\" decoding=\"async\" src=\"\/\/centreassistencia.com\/wp-content\/plugins\/revslider\/public\/assets\/assets\/dummy.png\" class=\"tp-rs-img rs-lazyload\" width=\"1240\" height=\"240\" data-lazyload=\"\/\/centreassistencia.com\/wp-content\/uploads\/revslider\/logos-entitats\/slide2-logos.jpg\" data-no-retina> \n\t\t\t\t\t\t\t<\/rs-layer><!--\n-->\t\t\t\t\t\t<\/rs-slide>\n\t\t\t\t\t\t<rs-slide style=\"position: absolute;\" data-key=\"rs-8\" data-title=\"Slide\" data-in=\"o:0;\" data-out=\"a:false;\">\n\t\t\t\t\t\t\t<img decoding=\"async\" src=\"\/\/centreassistencia.com\/wp-content\/plugins\/revslider\/public\/assets\/assets\/dummy.png\" alt=\"Slide\" title=\"Quienes somos\" class=\"rev-slidebg tp-rs-img rs-lazyload\" data-lazyload=\"\/\/centreassistencia.com\/wp-content\/plugins\/revslider\/public\/assets\/assets\/transparent.png\" data-no-retina>\n<!--\n\t\t\t\t\t\t\t--><rs-layer\n\t\t\t\t\t\t\t\tid=\"slider-2-slide-8-layer-1\" \n\t\t\t\t\t\t\t\tdata-type=\"image\"\n\t\t\t\t\t\t\t\tdata-rsp_ch=\"on\"\n\t\t\t\t\t\t\t\tdata-xy=\"x:-1px;\"\n\t\t\t\t\t\t\t\tdata-text=\"l:22;\"\n\t\t\t\t\t\t\t\tdata-dim=\"w:1240px;h:240px;\"\n\t\t\t\t\t\t\t\tdata-frame_0=\"tp:600;\"\n\t\t\t\t\t\t\t\tdata-frame_1=\"tp:600;e:power2.inOut;st:500;\"\n\t\t\t\t\t\t\t\tdata-frame_999=\"o:0;tp:600;e:nothing;st:w;\"\n\t\t\t\t\t\t\t\tstyle=\"z-index:5;\"\n\t\t\t\t\t\t\t><img loading=\"lazy\" decoding=\"async\" src=\"\/\/centreassistencia.com\/wp-content\/plugins\/revslider\/public\/assets\/assets\/dummy.png\" class=\"tp-rs-img rs-lazyload\" width=\"1240\" height=\"240\" data-lazyload=\"\/\/centreassistencia.com\/wp-content\/uploads\/revslider\/logos-entitats\/slide3-logos.jpg\" data-no-retina> \n\t\t\t\t\t\t\t<\/rs-layer><!--\n-->\t\t\t\t\t\t<\/rs-slide>\n\t\t\t\t\t\t<rs-slide style=\"position: absolute;\" data-key=\"rs-9\" data-title=\"Slide\" data-in=\"o:0;\" data-out=\"a:false;\">\n\t\t\t\t\t\t\t<img decoding=\"async\" src=\"\/\/centreassistencia.com\/wp-content\/plugins\/revslider\/public\/assets\/assets\/dummy.png\" alt=\"Slide\" title=\"Quienes somos\" class=\"rev-slidebg tp-rs-img rs-lazyload\" data-lazyload=\"\/\/centreassistencia.com\/wp-content\/plugins\/revslider\/public\/assets\/assets\/transparent.png\" data-no-retina>\n<!--\n\t\t\t\t\t\t\t--><rs-layer\n\t\t\t\t\t\t\t\tid=\"slider-2-slide-9-layer-1\" \n\t\t\t\t\t\t\t\tdata-type=\"image\"\n\t\t\t\t\t\t\t\tdata-rsp_ch=\"on\"\n\t\t\t\t\t\t\t\tdata-xy=\"x:c;y:c;\"\n\t\t\t\t\t\t\t\tdata-text=\"l:22;\"\n\t\t\t\t\t\t\t\tdata-dim=\"w:1240px;h:240px;\"\n\t\t\t\t\t\t\t\tdata-frame_0=\"tp:600;\"\n\t\t\t\t\t\t\t\tdata-frame_1=\"tp:600;e:power2.inOut;st:500;\"\n\t\t\t\t\t\t\t\tdata-frame_999=\"o:0;tp:600;e:nothing;st:w;\"\n\t\t\t\t\t\t\t\tstyle=\"z-index:5;\"\n\t\t\t\t\t\t\t><img loading=\"lazy\" decoding=\"async\" src=\"\/\/centreassistencia.com\/wp-content\/plugins\/revslider\/public\/assets\/assets\/dummy.png\" class=\"tp-rs-img rs-lazyload\" width=\"1240\" height=\"240\" data-lazyload=\"\/\/centreassistencia.com\/wp-content\/uploads\/revslider\/logos-entitats\/slide4-logos.jpg\" data-no-retina> \n\t\t\t\t\t\t\t<\/rs-layer><!--\n-->\t\t\t\t\t\t<\/rs-slide>\n\t\t\t\t\t\t<rs-slide style=\"position: absolute;\" data-key=\"rs-10\" data-title=\"Slide\" data-in=\"o:0;\" data-out=\"a:false;\">\n\t\t\t\t\t\t\t<img decoding=\"async\" src=\"\/\/centreassistencia.com\/wp-content\/plugins\/revslider\/public\/assets\/assets\/dummy.png\" alt=\"Slide\" title=\"Quienes somos\" class=\"rev-slidebg tp-rs-img rs-lazyload\" data-lazyload=\"\/\/centreassistencia.com\/wp-content\/plugins\/revslider\/public\/assets\/assets\/transparent.png\" data-no-retina>\n<!--\n\t\t\t\t\t\t\t--><rs-layer\n\t\t\t\t\t\t\t\tid=\"slider-2-slide-10-layer-1\" \n\t\t\t\t\t\t\t\tdata-type=\"image\"\n\t\t\t\t\t\t\t\tdata-rsp_ch=\"on\"\n\t\t\t\t\t\t\t\tdata-text=\"l:22;\"\n\t\t\t\t\t\t\t\tdata-dim=\"w:1240px;h:240px;\"\n\t\t\t\t\t\t\t\tdata-frame_0=\"tp:600;\"\n\t\t\t\t\t\t\t\tdata-frame_1=\"tp:600;e:power2.inOut;st:500;\"\n\t\t\t\t\t\t\t\tdata-frame_999=\"o:0;tp:600;e:nothing;st:w;\"\n\t\t\t\t\t\t\t\tstyle=\"z-index:5;\"\n\t\t\t\t\t\t\t><img loading=\"lazy\" decoding=\"async\" src=\"\/\/centreassistencia.com\/wp-content\/plugins\/revslider\/public\/assets\/assets\/dummy.png\" class=\"tp-rs-img rs-lazyload\" width=\"1240\" height=\"240\" data-lazyload=\"\/\/centreassistencia.com\/wp-content\/uploads\/revslider\/logos-entitats\/slide5-logos.jpg\" data-no-retina> \n\t\t\t\t\t\t\t<\/rs-layer><!--\n-->\t\t\t\t\t\t<\/rs-slide>\n\t\t\t\t\t<\/rs-slides>\n\t\t\t\t<\/rs-module>\n\t\t\t\t<script type=\"text\/javascript\">\n\t\t\t\t\tsetREVStartSize({c: 'rev_slider_2_1',rl:[1240,1024,778,480],el:[],gw:[1240],gh:[240],type:'standard',justify:'',layout:'fullwidth',mh:\"0\"});if (window.RS_MODULES!==undefined && window.RS_MODULES.modules!==undefined && window.RS_MODULES.modules[\"revslider21\"]!==undefined) {window.RS_MODULES.modules[\"revslider21\"].once = false;window.revapi2 = undefined;if (window.RS_MODULES.checkMinimal!==undefined) window.RS_MODULES.checkMinimal()}\n\t\t\t\t<\/script>\n\t\t\t<\/rs-module-wrap>\n\t\t\t<!-- END REVOLUTION SLIDER -->\n<\/div><\/div>\n<div class=\"row \"><div class=\"wpv-grid grid-1-1  wpv-first-level first unextended\" style=\"padding-top:0px;padding-bottom:0px\" id=\"wpv-column-9b7aec714081d52af9e7a671c4d0d8c6\" ><div class=\"row \"><div class=\"wpv-grid grid-1-1  first extended\" style=\"padding-top:0px;padding-bottom:50px\" id=\"wpv-column-d70d616b1d134b4721e46eef517c0d66\" ><div class=\"extended-column-inner\">\t\t<h2 class=\"text-divider-double\">\t\t\tReconeixements\t\t<\/h2>\t\t<div class=\"sep\"><\/div>\t<div class=\"row \"><div class=\"wpv-grid grid-1-2  first unextended animation-from-left animated-active\" style=\"padding-top:0px;padding-bottom:0px\" id=\"wpv-column-b130016f5b83328fbfffa836d2fb0f85\" ><p>La tasca del CASS va ser reconeguda com empresa socialment responsable, als anys 2008 i 2010 per l&#8217;Ajuntament de Sabadell<\/p>\n<div class=\"row \"><div class=\"wpv-grid grid-1-2  first unextended\" style=\"padding-top:0px;padding-bottom:0px\" id=\"wpv-column-eccc7799ab821ba51d30647ebc05f8c1\" ><a title=\"\" href=\"https:\/\/centreassistencia.com\/wp-content\/uploads\/2015\/10\/diplo2.jpg\" class=\"vamtam-lightbox\" data-iframe=\"false\"><img decoding=\"async\" class=\"aligncenter size-medium wp-image-7408\" src=\"https:\/\/centreassistencia.com\/wp-content\/uploads\/2016\/01\/diplo2-thumb.jpg\" alt=\"Ajuntament de Sabadell\" \/><\/a><\/div>\n<div class=\"wpv-grid grid-1-2  unextended\" style=\"padding-top:0px;padding-bottom:0px\" id=\"wpv-column-82bf1d8d21cb333f3b9b084f57b7426c\" ><a title=\"\" href=\"https:\/\/centreassistencia.com\/wp-content\/uploads\/2015\/10\/diplo1.jpg\" class=\"vamtam-lightbox\" data-iframe=\"false\"><img decoding=\"async\" class=\"aligncenter size-medium wp-image-7426\" src=\"https:\/\/centreassistencia.com\/wp-content\/uploads\/2015\/10\/diplo1.jpg\" alt=\"Ajuntament de Rajadell\" \/><\/a><\/div><\/div><\/div>\n<div class=\"wpv-grid grid-1-2  unextended animation-from-right animated-active\" style=\"padding-top:0px;padding-bottom:0px\" id=\"wpv-column-be664a11b24f63f74ffb75f75f158203\" ><p>Egarsat, Mutua d&#8217;accidents de treball i malalaties professionals, va reconeixer al CASS per la seva tasca a favor de les mesures de seguretat i finalitzar els anys 2011 i 2013 sense accidents de treball.<\/p>\n<div class=\"row \"><div class=\"wpv-grid grid-1-2  first unextended\" style=\"padding-top:0px;padding-bottom:0px\" id=\"wpv-column-5edf723e88d44a4c16421cf7b6e712c2\" ><a title=\"\" href=\"https:\/\/centreassistencia.com\/wp-content\/uploads\/2015\/10\/diplo3.jpg\" class=\"vamtam-lightbox\" data-iframe=\"false\"><img decoding=\"async\" class=\"aligncenter size-medium wp-image-7408\" src=\"https:\/\/centreassistencia.com\/wp-content\/uploads\/2015\/10\/diplo3.jpg\" alt=\"Egarsat\" \/><\/a><\/div>\n<div class=\"wpv-grid grid-1-2  unextended\" style=\"padding-top:0px;padding-bottom:0px\" id=\"wpv-column-a7b48446e7843ec1558bca314feba663\" ><a title=\"\" href=\"https:\/\/centreassistencia.com\/wp-content\/uploads\/2016\/01\/diploma-egarsat-2013.jpg\" class=\"vamtam-lightbox\" data-iframe=\"false\"><img decoding=\"async\" class=\"aligncenter size-medium wp-image-7408\" src=\"https:\/\/centreassistencia.com\/wp-content\/uploads\/2016\/01\/diploma-egarsat-2013.jpg\" alt=\"Egarsat\" \/><\/a><\/div><\/div><\/div><\/div><\/div><\/div><\/div><\/div><\/div>[\/vc_column_text][\/vc_column][\/vc_row][vc_row][vc_column css=\u00bb.vc_custom_1625568343054{margin-top: -100px !important;}\u00bb][vc_column_text]<div class=\"row \"><div class=\"wpv-grid grid-1-1  first extended\" style=\"padding-top:0px;padding-bottom:0px\" id=\"wpv-column-b3bdc4ba20267e327e6192819e7cb654\" ><div class=\"extended-column-inner\">\t\t<h2 class=\"text-divider-double\">\t\t\tVols treballar amb nosaltres?\t\t<\/h2>\t\t<div class=\"sep\"><\/div>\t<\/div><\/div><\/div>[\/vc_column_text][vc_btn title=\u00bbEnvia tu Curr\u00edculum Vitae\u00bb color=\u00bbblue\u00bb size=\u00bblg\u00bb align=\u00bbcenter\u00bb link=\u00bburl:https%3A%2F%2Fcentreassistencia.com%2Fes%2Fquieres-trabajar-con-nosotros%2F|\u00bb][vc_empty_space height=\u00bb45px\u00bb][\/vc_column][\/vc_row]<\/p>\n","protected":false},"excerpt":{"rendered":"<p>[vc_row][vc_column][vc_column_text] Benvinguts al Centre d&#8217;Assist\u00e8ncia S\u00f2cio Sanit\u00e0ria El CENTRE D&#8217;ASSIST\u00c8NCIA S\u00d2CIO SANIT\u00c0RIA S.L. (CASS) amb registre de la marca i el logotip a l&#8217;Oficina de patents i marques, est\u00e0 inscrit al registre Mercantil de Barcelona, i es va constituir a l&#8217;any 1999. El centre el formen un equip de direcci\u00f3 i professionals del dret, medicina,&#8230;<\/p>\n","protected":false},"author":1,"featured_media":0,"parent":0,"menu_order":1,"comment_status":"closed","ping_status":"closed","template":"","meta":{"footnotes":""},"class_list":["post-8385","page","type-page","status-publish"],"yoast_head":"<!-- This site is optimized with the Yoast SEO plugin v27.2 - https:\/\/yoast.com\/product\/yoast-seo-wordpress\/ -->\n<title>Quienes somos - Centre d&#039;Assist\u00e8ncia Socio Sanit\u00e0ria<\/title>\n<meta name=\"description\" content=\"El centro lo forman un equipo de direcci\u00f3n y profesionales del derecho, medicina, gerontolog\u00eda , enfermer\u00eda , podolog\u00eda , fisioterapia, trabajadoras familiares y auxiliares de ayuda a domicilio.\" \/>\n<meta name=\"robots\" content=\"index, follow, max-snippet:-1, max-image-preview:large, max-video-preview:-1\" \/>\n<link rel=\"canonical\" href=\"https:\/\/centreassistencia.com\/es\/quienes-somos\/\" \/>\n<meta property=\"og:locale\" content=\"es_ES\" \/>\n<meta property=\"og:type\" content=\"article\" \/>\n<meta property=\"og:title\" content=\"Quienes somos - Centre d&#039;Assist\u00e8ncia Socio Sanit\u00e0ria\" \/>\n<meta property=\"og:description\" content=\"El centro lo forman un equipo de direcci\u00f3n y profesionales del derecho, medicina, gerontolog\u00eda , enfermer\u00eda , podolog\u00eda , fisioterapia, trabajadoras familiares y auxiliares de ayuda a domicilio.\" \/>\n<meta property=\"og:url\" content=\"https:\/\/centreassistencia.com\/es\/quienes-somos\/\" \/>\n<meta property=\"og:site_name\" content=\"Centre d&#039;Assist\u00e8ncia Socio Sanit\u00e0ria\" \/>\n<meta property=\"article:modified_time\" content=\"2021-07-06T14:00:51+00:00\" \/>\n<meta property=\"og:image\" content=\"https:\/\/centreassistencia.com\/wp-content\/uploads\/2015\/10\/qui-som-cass.jpg\" \/>\n<meta name=\"twitter:card\" content=\"summary_large_image\" \/>\n<meta name=\"twitter:label1\" content=\"Tiempo de lectura\" \/>\n\t<meta name=\"twitter:data1\" content=\"4 minutos\" \/>\n<script type=\"application\/ld+json\" class=\"yoast-schema-graph\">{\"@context\":\"https:\/\/schema.org\",\"@graph\":[{\"@type\":\"WebPage\",\"@id\":\"https:\/\/centreassistencia.com\/es\/quienes-somos\/\",\"url\":\"https:\/\/centreassistencia.com\/es\/quienes-somos\/\",\"name\":\"Quienes somos - Centre d&#039;Assist\u00e8ncia Socio Sanit\u00e0ria\",\"isPartOf\":{\"@id\":\"https:\/\/centreassistencia.com\/#website\"},\"primaryImageOfPage\":{\"@id\":\"https:\/\/centreassistencia.com\/es\/quienes-somos\/#primaryimage\"},\"image\":{\"@id\":\"https:\/\/centreassistencia.com\/es\/quienes-somos\/#primaryimage\"},\"thumbnailUrl\":\"https:\/\/centreassistencia.com\/wp-content\/uploads\/2015\/10\/qui-som-cass.jpg\",\"datePublished\":\"2015-10-13T15:08:55+00:00\",\"dateModified\":\"2021-07-06T14:00:51+00:00\",\"description\":\"El centro lo forman un equipo de direcci\u00f3n y profesionales del derecho, medicina, gerontolog\u00eda , enfermer\u00eda , podolog\u00eda , fisioterapia, trabajadoras familiares y auxiliares de ayuda a domicilio.\",\"breadcrumb\":{\"@id\":\"https:\/\/centreassistencia.com\/es\/quienes-somos\/#breadcrumb\"},\"inLanguage\":\"es\",\"potentialAction\":[{\"@type\":\"ReadAction\",\"target\":[\"https:\/\/centreassistencia.com\/es\/quienes-somos\/\"]}]},{\"@type\":\"ImageObject\",\"inLanguage\":\"es\",\"@id\":\"https:\/\/centreassistencia.com\/es\/quienes-somos\/#primaryimage\",\"url\":\"https:\/\/centreassistencia.com\/wp-content\/uploads\/2015\/10\/qui-som-cass.jpg\",\"contentUrl\":\"https:\/\/centreassistencia.com\/wp-content\/uploads\/2015\/10\/qui-som-cass.jpg\"},{\"@type\":\"BreadcrumbList\",\"@id\":\"https:\/\/centreassistencia.com\/es\/quienes-somos\/#breadcrumb\",\"itemListElement\":[{\"@type\":\"ListItem\",\"position\":1,\"name\":\"Inici\",\"item\":\"https:\/\/centreassistencia.com\/es\/\"},{\"@type\":\"ListItem\",\"position\":2,\"name\":\"Quienes somos\"}]},{\"@type\":\"WebSite\",\"@id\":\"https:\/\/centreassistencia.com\/#website\",\"url\":\"https:\/\/centreassistencia.com\/\",\"name\":\"Centre d&#039;Assist\u00e8ncia Socio Sanit\u00e0ria\",\"description\":\"\",\"publisher\":{\"@id\":\"https:\/\/centreassistencia.com\/#organization\"},\"potentialAction\":[{\"@type\":\"SearchAction\",\"target\":{\"@type\":\"EntryPoint\",\"urlTemplate\":\"https:\/\/centreassistencia.com\/?s={search_term_string}\"},\"query-input\":{\"@type\":\"PropertyValueSpecification\",\"valueRequired\":true,\"valueName\":\"search_term_string\"}}],\"inLanguage\":\"es\"},{\"@type\":\"Organization\",\"@id\":\"https:\/\/centreassistencia.com\/#organization\",\"name\":\"Centre d'Assist\u00e8ncia Socio Sanit\u00e0ria S.L.\",\"url\":\"https:\/\/centreassistencia.com\/\",\"logo\":{\"@type\":\"ImageObject\",\"inLanguage\":\"es\",\"@id\":\"https:\/\/centreassistencia.com\/#\/schema\/logo\/image\/\",\"url\":\"https:\/\/centreassistencia.com\/wp-content\/uploads\/2015\/10\/logo-cass.png\",\"contentUrl\":\"https:\/\/centreassistencia.com\/wp-content\/uploads\/2015\/10\/logo-cass.png\",\"width\":380,\"height\":143,\"caption\":\"Centre d'Assist\u00e8ncia Socio Sanit\u00e0ria S.L.\"},\"image\":{\"@id\":\"https:\/\/centreassistencia.com\/#\/schema\/logo\/image\/\"}}]}<\/script>\n<!-- \/ Yoast SEO plugin. -->","yoast_head_json":{"title":"Quienes somos - Centre d&#039;Assist\u00e8ncia Socio Sanit\u00e0ria","description":"El centro lo forman un equipo de direcci\u00f3n y profesionales del derecho, medicina, gerontolog\u00eda , enfermer\u00eda , podolog\u00eda , fisioterapia, trabajadoras familiares y auxiliares de ayuda a domicilio.","robots":{"index":"index","follow":"follow","max-snippet":"max-snippet:-1","max-image-preview":"max-image-preview:large","max-video-preview":"max-video-preview:-1"},"canonical":"https:\/\/centreassistencia.com\/es\/quienes-somos\/","og_locale":"es_ES","og_type":"article","og_title":"Quienes somos - Centre d&#039;Assist\u00e8ncia Socio Sanit\u00e0ria","og_description":"El centro lo forman un equipo de direcci\u00f3n y profesionales del derecho, medicina, gerontolog\u00eda , enfermer\u00eda , podolog\u00eda , fisioterapia, trabajadoras familiares y auxiliares de ayuda a domicilio.","og_url":"https:\/\/centreassistencia.com\/es\/quienes-somos\/","og_site_name":"Centre d&#039;Assist\u00e8ncia Socio Sanit\u00e0ria","article_modified_time":"2021-07-06T14:00:51+00:00","og_image":[{"url":"https:\/\/centreassistencia.com\/wp-content\/uploads\/2015\/10\/qui-som-cass.jpg","type":"","width":"","height":""}],"twitter_card":"summary_large_image","twitter_misc":{"Tiempo de lectura":"4 minutos"},"schema":{"@context":"https:\/\/schema.org","@graph":[{"@type":"WebPage","@id":"https:\/\/centreassistencia.com\/es\/quienes-somos\/","url":"https:\/\/centreassistencia.com\/es\/quienes-somos\/","name":"Quienes somos - Centre d&#039;Assist\u00e8ncia Socio Sanit\u00e0ria","isPartOf":{"@id":"https:\/\/centreassistencia.com\/#website"},"primaryImageOfPage":{"@id":"https:\/\/centreassistencia.com\/es\/quienes-somos\/#primaryimage"},"image":{"@id":"https:\/\/centreassistencia.com\/es\/quienes-somos\/#primaryimage"},"thumbnailUrl":"https:\/\/centreassistencia.com\/wp-content\/uploads\/2015\/10\/qui-som-cass.jpg","datePublished":"2015-10-13T15:08:55+00:00","dateModified":"2021-07-06T14:00:51+00:00","description":"El centro lo forman un equipo de direcci\u00f3n y profesionales del derecho, medicina, gerontolog\u00eda , enfermer\u00eda , podolog\u00eda , fisioterapia, trabajadoras familiares y auxiliares de ayuda a domicilio.","breadcrumb":{"@id":"https:\/\/centreassistencia.com\/es\/quienes-somos\/#breadcrumb"},"inLanguage":"es","potentialAction":[{"@type":"ReadAction","target":["https:\/\/centreassistencia.com\/es\/quienes-somos\/"]}]},{"@type":"ImageObject","inLanguage":"es","@id":"https:\/\/centreassistencia.com\/es\/quienes-somos\/#primaryimage","url":"https:\/\/centreassistencia.com\/wp-content\/uploads\/2015\/10\/qui-som-cass.jpg","contentUrl":"https:\/\/centreassistencia.com\/wp-content\/uploads\/2015\/10\/qui-som-cass.jpg"},{"@type":"BreadcrumbList","@id":"https:\/\/centreassistencia.com\/es\/quienes-somos\/#breadcrumb","itemListElement":[{"@type":"ListItem","position":1,"name":"Inici","item":"https:\/\/centreassistencia.com\/es\/"},{"@type":"ListItem","position":2,"name":"Quienes somos"}]},{"@type":"WebSite","@id":"https:\/\/centreassistencia.com\/#website","url":"https:\/\/centreassistencia.com\/","name":"Centre d&#039;Assist\u00e8ncia Socio Sanit\u00e0ria","description":"","publisher":{"@id":"https:\/\/centreassistencia.com\/#organization"},"potentialAction":[{"@type":"SearchAction","target":{"@type":"EntryPoint","urlTemplate":"https:\/\/centreassistencia.com\/?s={search_term_string}"},"query-input":{"@type":"PropertyValueSpecification","valueRequired":true,"valueName":"search_term_string"}}],"inLanguage":"es"},{"@type":"Organization","@id":"https:\/\/centreassistencia.com\/#organization","name":"Centre d'Assist\u00e8ncia Socio Sanit\u00e0ria S.L.","url":"https:\/\/centreassistencia.com\/","logo":{"@type":"ImageObject","inLanguage":"es","@id":"https:\/\/centreassistencia.com\/#\/schema\/logo\/image\/","url":"https:\/\/centreassistencia.com\/wp-content\/uploads\/2015\/10\/logo-cass.png","contentUrl":"https:\/\/centreassistencia.com\/wp-content\/uploads\/2015\/10\/logo-cass.png","width":380,"height":143,"caption":"Centre d'Assist\u00e8ncia Socio Sanit\u00e0ria S.L."},"image":{"@id":"https:\/\/centreassistencia.com\/#\/schema\/logo\/image\/"}}]}},"_links":{"self":[{"href":"https:\/\/centreassistencia.com\/es\/wp-json\/wp\/v2\/pages\/8385","targetHints":{"allow":["GET"]}}],"collection":[{"href":"https:\/\/centreassistencia.com\/es\/wp-json\/wp\/v2\/pages"}],"about":[{"href":"https:\/\/centreassistencia.com\/es\/wp-json\/wp\/v2\/types\/page"}],"author":[{"embeddable":true,"href":"https:\/\/centreassistencia.com\/es\/wp-json\/wp\/v2\/users\/1"}],"replies":[{"embeddable":true,"href":"https:\/\/centreassistencia.com\/es\/wp-json\/wp\/v2\/comments?post=8385"}],"version-history":[{"count":21,"href":"https:\/\/centreassistencia.com\/es\/wp-json\/wp\/v2\/pages\/8385\/revisions"}],"predecessor-version":[{"id":8778,"href":"https:\/\/centreassistencia.com\/es\/wp-json\/wp\/v2\/pages\/8385\/revisions\/8778"}],"wp:attachment":[{"href":"https:\/\/centreassistencia.com\/es\/wp-json\/wp\/v2\/media?parent=8385"}],"curies":[{"name":"wp","href":"https:\/\/api.w.org\/{rel}","templated":true}]}}