{"id":8391,"date":"2015-10-13T17:11:16","date_gmt":"2015-10-13T15:11:16","guid":{"rendered":"https:\/\/centreassistencia.com\/nova_web\/?page_id=8391&#038;lang=es"},"modified":"2016-03-24T11:01:43","modified_gmt":"2016-03-24T10:01:43","slug":"servicios","status":"publish","type":"page","link":"https:\/\/centreassistencia.com\/es\/servicios\/","title":{"rendered":"Servicios"},"content":{"rendered":"<div class=\"row \"><div class=\"wpv-grid grid-1-2  wpv-first-level first unextended animation-zoom-in animated-active\" style=\"padding-top:0px;padding-bottom:0px\" id=\"wpv-column-8b10fc3f6a7e34db4e481f1bbe80dda6\" ><p style=\"text-align: center;\"><div class=\"push\" style='height:20px'><\/div>\n<p style=\"text-align: center;\"><a href=\"http:\/\/localhost:8888\/cass\/?p=8017\"><img loading=\"lazy\" decoding=\"async\" class=\"size-full wp-image-8138 aligncenter\" src=\"https:\/\/centreassistencia.com\/wp-content\/uploads\/2015\/10\/sad-list1.png\" alt=\"sad-list\" width=\"314\" height=\"314\" \/><\/a><\/div>\n<div class=\"wpv-grid grid-1-2  wpv-first-level unextended\" style=\"padding-top:0px;padding-bottom:0px\" id=\"wpv-column-8a50c7339f7412aeb7353f7275d0e7fc\" ><div class=\"push\" style='height:80px'><\/div>\n<h2><span style=\"color: #3695eb;\">Servicio de Atenci\u00f3n Domiciliaria (SAD)<\/span><\/h2>\n<p>Dentro de la vertiente asistencial y con el servicio de atenci\u00f3n domiciliaria (SAD), se persigue fundamentalmente la asistencia a la gente mayor, sin descartar otros sectores de la poblaci\u00f3n, que indistintamente de la edad lo puedan necesitar, al presentar discapacidades f\u00edsicas, cognitivas o sensoriales.<\/p>\n<a href=\"https:\/\/centreassistencia.com\/?page_id=8401&amp;lang=es\" target=\"_self\" style='font-size: 15px;' class=\"button vamtam-button accent1  button-filled-small hover-accent1  alignleft\"><span class=\"btext\">Leer m\u00e1s<\/span><\/a><\/div><\/div>\n<div class=\"sep\"><\/div>\n<div class=\"row \"><div class=\"wpv-grid grid-1-2  wpv-first-level first unextended animation-from-left animated-active\" style=\"padding-top:0px;padding-bottom:0px\" id=\"wpv-column-3af4d9dca8cb1529e1ac5abd544a4b98\" ><div class=\"push\" style='height:80px'><\/div>\n<h2><span style=\"color: #3695eb;\">Servicio de Asistencia Sanitaria (SAS)<\/span><\/h2>\n<p>Respecto a la asistencia sanitaria, se ofrece asistencia m\u00e9dica, de enfermer\u00eda, podolog\u00eda y fisioterapia, tanto a los usuarios del (SAD) como de aquellos otros que sin serlo puedan necesitar estos servicios. Dentro de los servicios de asistencia sanitaria (SAS) adem\u00e1s de las prestaciones efectuadas por los diferentes profesionales, se efect\u00faan an\u00e1lisis cl\u00ednicos a domicilio, as\u00ed como tambi\u00e9n el servicio de curas paliativas a pacientes oncol\u00f3gicos terminales.<\/p>\n<a href=\" https:\/\/centreassistencia.com\/?page_id=8406&amp;lang=es\" target=\"_self\" style='font-size: 15px;' class=\"button vamtam-button accent1  button-filled-small hover-accent1  alignleft\"><span class=\"btext\">Leer m\u00e1s<\/span><\/a><\/div>\n<div class=\"wpv-grid grid-1-2  wpv-first-level unextended animation-zoom-in animated-active\" style=\"padding-top:0px;padding-bottom:0px\" id=\"wpv-column-1af322ba25943387b609c2277396fc4d\" ><p><a href=\"http:\/\/localhost:8888\/cass\/?p=8082\"><img loading=\"lazy\" decoding=\"async\" class=\"aligncenter size-full wp-image-8137\" src=\"https:\/\/centreassistencia.com\/wp-content\/uploads\/2016\/01\/sas-list.png\" alt=\"sas-list\" width=\"314\" height=\"314\" \/><\/a><\/div><\/div>\n<div class=\"sep\"><\/div>\n<div class=\"row \"><div class=\"wpv-grid grid-1-2  wpv-first-level first unextended animation-zoom-in animated-active\" style=\"padding-top:0px;padding-bottom:0px\" id=\"wpv-column-e7db5d3ec0e6b1bdebd4fe9b2a97e126\" ><p><a href=\"http:\/\/localhost:8888\/cass\/?p=8097\"><img loading=\"lazy\" decoding=\"async\" class=\"aligncenter size-full wp-image-8135\" src=\"https:\/\/centreassistencia.com\/wp-content\/uploads\/2016\/01\/formacio-list.png\" alt=\"formacio-list\" width=\"314\" height=\"314\" \/><\/a><\/div>\n<div class=\"wpv-grid grid-1-2  wpv-first-level unextended animation-zoom-in animated-active\" style=\"padding-top:0px;padding-bottom:0px\" id=\"wpv-column-2b9b0e03d0553c9d0e37145cf8dffef7\" ><div class=\"push\" style='height:80px'><\/div>\n<h2><span style=\"color: #3695eb;\">Formaci\u00f3n<\/span><\/h2>\n<p>La experiencia acumulada desde 1999 en la atenci\u00f3n a las personas dependientes nos capacita para impartir formaci\u00f3n en el campo sanitario y social, al sumar a los conocimientos t\u00e9cnicos la vertiente pr\u00e1ctica de la atenci\u00f3n diaria.<\/p>\n<a href=\"https:\/\/centreassistencia.com\/?page_id=8398&amp;lang=es\" target=\"_self\" style='font-size: 15px;' class=\"button vamtam-button accent1  button-filled-small hover-accent1  alignleft\"><span class=\"btext\">Leer m\u00e1s<\/span><\/a><\/div><\/div>\n<div class=\"sep\"><\/div>\n<div class=\"row \"><div class=\"wpv-grid grid-1-2  wpv-first-level first unextended animation-zoom-in animated-active\" style=\"padding-top:0px;padding-bottom:0px\" id=\"wpv-column-8dd57a44c79c9965ef45ffa20dfa3c11\" ><div class=\"push\" style='height:80px'><\/div>\n<h2><span style=\"color: #3695eb;\">Asesor\u00eda jur\u00eddica<\/span><\/h2>\n<p>Desde CASS, ofrecemos tambi\u00e9n asistencia jur\u00eddica relativa a nuestro \u00e1mbito de actuaci\u00f3n a los usuarios del SAD y SAS; Asesoramiento sobre procedimientos de incapacidad, tutelas y curatelas , asistencia al tutor, derecho hereditario y elaboraci\u00f3n del testamento vital.<\/p>\n<a href=\"https:\/\/centreassistencia.com\/?page_id=8393&amp;lang=es\" target=\"_self\" style='font-size: 15px;' class=\"button vamtam-button accent1  button-filled-small hover-accent1  alignleft\"><span class=\"btext\">Leer m\u00e1s<\/span><\/a><\/div>\n<div class=\"wpv-grid grid-1-2  wpv-first-level unextended animation-from-right animated-active\" style=\"padding-top:0px;padding-bottom:0px\" id=\"wpv-column-788db057258814767b9b52e5174cd04d\" ><p><a href=\"http:\/\/localhost:8888\/cass\/?p=8092\"><img loading=\"lazy\" decoding=\"async\" class=\"aligncenter size-full wp-image-8136\" src=\"https:\/\/centreassistencia.com\/wp-content\/uploads\/2016\/01\/juridic-list.png\" alt=\"juridic-list\" width=\"314\" height=\"314\" \/><\/a><\/div><\/div>\n","protected":false},"excerpt":{"rendered":"<p>Servicio de Atenci\u00f3n Domiciliaria (SAD) Dentro de la vertiente asistencial y con el servicio de atenci\u00f3n domiciliaria (SAD), se persigue fundamentalmente la asistencia a la gente mayor, sin descartar otros sectores de la poblaci\u00f3n, que indistintamente de la edad lo puedan necesitar, al presentar discapacidades f\u00edsicas, cognitivas o sensoriales. Servicio de Asistencia Sanitaria (SAS) Respecto&#8230;<\/p>\n","protected":false},"author":1,"featured_media":0,"parent":0,"menu_order":0,"comment_status":"closed","ping_status":"closed","template":"","meta":{"footnotes":""},"class_list":["post-8391","page","type-page","status-publish"],"yoast_head":"<!-- This site is optimized with the Yoast SEO plugin v27.2 - https:\/\/yoast.com\/product\/yoast-seo-wordpress\/ -->\n<title>Servicios - Centre d&#039;Assist\u00e8ncia Socio Sanit\u00e0ria<\/title>\n<meta name=\"description\" content=\"En el Centre d&#039;Assist\u00e8ncia Socio Sanit\u00e0ria ofrecemos un amplio cat\u00e1logo de servicios orientados al cuidado de las personas\" \/>\n<meta name=\"robots\" content=\"index, follow, max-snippet:-1, max-image-preview:large, max-video-preview:-1\" \/>\n<link rel=\"canonical\" href=\"https:\/\/centreassistencia.com\/es\/servicios\/\" \/>\n<meta property=\"og:locale\" content=\"es_ES\" \/>\n<meta property=\"og:type\" content=\"article\" \/>\n<meta property=\"og:title\" content=\"Servicios - Centre d&#039;Assist\u00e8ncia Socio Sanit\u00e0ria\" \/>\n<meta property=\"og:description\" content=\"En el Centre d&#039;Assist\u00e8ncia Socio Sanit\u00e0ria ofrecemos un amplio cat\u00e1logo de servicios orientados al cuidado de las personas\" \/>\n<meta property=\"og:url\" content=\"https:\/\/centreassistencia.com\/es\/servicios\/\" \/>\n<meta property=\"og:site_name\" content=\"Centre d&#039;Assist\u00e8ncia Socio Sanit\u00e0ria\" \/>\n<meta property=\"article:modified_time\" content=\"2016-03-24T10:01:43+00:00\" \/>\n<meta property=\"og:image\" content=\"https:\/\/centreassistencia.com\/wp-content\/uploads\/2015\/10\/sad-list1.png\" \/>\n<meta name=\"twitter:card\" content=\"summary_large_image\" \/>\n<meta name=\"twitter:label1\" content=\"Tiempo de lectura\" \/>\n\t<meta name=\"twitter:data1\" content=\"2 minutos\" \/>\n<script type=\"application\/ld+json\" class=\"yoast-schema-graph\">{\"@context\":\"https:\/\/schema.org\",\"@graph\":[{\"@type\":\"WebPage\",\"@id\":\"https:\/\/centreassistencia.com\/es\/servicios\/\",\"url\":\"https:\/\/centreassistencia.com\/es\/servicios\/\",\"name\":\"Servicios - Centre d&#039;Assist\u00e8ncia Socio Sanit\u00e0ria\",\"isPartOf\":{\"@id\":\"https:\/\/centreassistencia.com\/#website\"},\"primaryImageOfPage\":{\"@id\":\"https:\/\/centreassistencia.com\/es\/servicios\/#primaryimage\"},\"image\":{\"@id\":\"https:\/\/centreassistencia.com\/es\/servicios\/#primaryimage\"},\"thumbnailUrl\":\"https:\/\/centreassistencia.com\/wp-content\/uploads\/2015\/10\/sad-list1.png\",\"datePublished\":\"2015-10-13T15:11:16+00:00\",\"dateModified\":\"2016-03-24T10:01:43+00:00\",\"description\":\"En el Centre d'Assist\u00e8ncia Socio Sanit\u00e0ria ofrecemos un amplio cat\u00e1logo de servicios orientados al cuidado de las personas\",\"breadcrumb\":{\"@id\":\"https:\/\/centreassistencia.com\/es\/servicios\/#breadcrumb\"},\"inLanguage\":\"es\",\"potentialAction\":[{\"@type\":\"ReadAction\",\"target\":[\"https:\/\/centreassistencia.com\/es\/servicios\/\"]}]},{\"@type\":\"ImageObject\",\"inLanguage\":\"es\",\"@id\":\"https:\/\/centreassistencia.com\/es\/servicios\/#primaryimage\",\"url\":\"https:\/\/centreassistencia.com\/wp-content\/uploads\/2015\/10\/sad-list1.png\",\"contentUrl\":\"https:\/\/centreassistencia.com\/wp-content\/uploads\/2015\/10\/sad-list1.png\"},{\"@type\":\"BreadcrumbList\",\"@id\":\"https:\/\/centreassistencia.com\/es\/servicios\/#breadcrumb\",\"itemListElement\":[{\"@type\":\"ListItem\",\"position\":1,\"name\":\"Inici\",\"item\":\"https:\/\/centreassistencia.com\/es\/\"},{\"@type\":\"ListItem\",\"position\":2,\"name\":\"Servicios\"}]},{\"@type\":\"WebSite\",\"@id\":\"https:\/\/centreassistencia.com\/#website\",\"url\":\"https:\/\/centreassistencia.com\/\",\"name\":\"Centre d&#039;Assist\u00e8ncia Socio Sanit\u00e0ria\",\"description\":\"\",\"publisher\":{\"@id\":\"https:\/\/centreassistencia.com\/#organization\"},\"potentialAction\":[{\"@type\":\"SearchAction\",\"target\":{\"@type\":\"EntryPoint\",\"urlTemplate\":\"https:\/\/centreassistencia.com\/?s={search_term_string}\"},\"query-input\":{\"@type\":\"PropertyValueSpecification\",\"valueRequired\":true,\"valueName\":\"search_term_string\"}}],\"inLanguage\":\"es\"},{\"@type\":\"Organization\",\"@id\":\"https:\/\/centreassistencia.com\/#organization\",\"name\":\"Centre d'Assist\u00e8ncia Socio Sanit\u00e0ria S.L.\",\"url\":\"https:\/\/centreassistencia.com\/\",\"logo\":{\"@type\":\"ImageObject\",\"inLanguage\":\"es\",\"@id\":\"https:\/\/centreassistencia.com\/#\/schema\/logo\/image\/\",\"url\":\"https:\/\/centreassistencia.com\/wp-content\/uploads\/2015\/10\/logo-cass.png\",\"contentUrl\":\"https:\/\/centreassistencia.com\/wp-content\/uploads\/2015\/10\/logo-cass.png\",\"width\":380,\"height\":143,\"caption\":\"Centre d'Assist\u00e8ncia Socio Sanit\u00e0ria S.L.\"},\"image\":{\"@id\":\"https:\/\/centreassistencia.com\/#\/schema\/logo\/image\/\"}}]}<\/script>\n<!-- \/ Yoast SEO plugin. -->","yoast_head_json":{"title":"Servicios - Centre d&#039;Assist\u00e8ncia Socio Sanit\u00e0ria","description":"En el Centre d'Assist\u00e8ncia Socio Sanit\u00e0ria ofrecemos un amplio cat\u00e1logo de servicios orientados al cuidado de las personas","robots":{"index":"index","follow":"follow","max-snippet":"max-snippet:-1","max-image-preview":"max-image-preview:large","max-video-preview":"max-video-preview:-1"},"canonical":"https:\/\/centreassistencia.com\/es\/servicios\/","og_locale":"es_ES","og_type":"article","og_title":"Servicios - Centre d&#039;Assist\u00e8ncia Socio Sanit\u00e0ria","og_description":"En el Centre d'Assist\u00e8ncia Socio Sanit\u00e0ria ofrecemos un amplio cat\u00e1logo de servicios orientados al cuidado de las personas","og_url":"https:\/\/centreassistencia.com\/es\/servicios\/","og_site_name":"Centre d&#039;Assist\u00e8ncia Socio Sanit\u00e0ria","article_modified_time":"2016-03-24T10:01:43+00:00","og_image":[{"url":"https:\/\/centreassistencia.com\/wp-content\/uploads\/2015\/10\/sad-list1.png","type":"","width":"","height":""}],"twitter_card":"summary_large_image","twitter_misc":{"Tiempo de lectura":"2 minutos"},"schema":{"@context":"https:\/\/schema.org","@graph":[{"@type":"WebPage","@id":"https:\/\/centreassistencia.com\/es\/servicios\/","url":"https:\/\/centreassistencia.com\/es\/servicios\/","name":"Servicios - Centre d&#039;Assist\u00e8ncia Socio Sanit\u00e0ria","isPartOf":{"@id":"https:\/\/centreassistencia.com\/#website"},"primaryImageOfPage":{"@id":"https:\/\/centreassistencia.com\/es\/servicios\/#primaryimage"},"image":{"@id":"https:\/\/centreassistencia.com\/es\/servicios\/#primaryimage"},"thumbnailUrl":"https:\/\/centreassistencia.com\/wp-content\/uploads\/2015\/10\/sad-list1.png","datePublished":"2015-10-13T15:11:16+00:00","dateModified":"2016-03-24T10:01:43+00:00","description":"En el Centre d'Assist\u00e8ncia Socio Sanit\u00e0ria ofrecemos un amplio cat\u00e1logo de servicios orientados al cuidado de las personas","breadcrumb":{"@id":"https:\/\/centreassistencia.com\/es\/servicios\/#breadcrumb"},"inLanguage":"es","potentialAction":[{"@type":"ReadAction","target":["https:\/\/centreassistencia.com\/es\/servicios\/"]}]},{"@type":"ImageObject","inLanguage":"es","@id":"https:\/\/centreassistencia.com\/es\/servicios\/#primaryimage","url":"https:\/\/centreassistencia.com\/wp-content\/uploads\/2015\/10\/sad-list1.png","contentUrl":"https:\/\/centreassistencia.com\/wp-content\/uploads\/2015\/10\/sad-list1.png"},{"@type":"BreadcrumbList","@id":"https:\/\/centreassistencia.com\/es\/servicios\/#breadcrumb","itemListElement":[{"@type":"ListItem","position":1,"name":"Inici","item":"https:\/\/centreassistencia.com\/es\/"},{"@type":"ListItem","position":2,"name":"Servicios"}]},{"@type":"WebSite","@id":"https:\/\/centreassistencia.com\/#website","url":"https:\/\/centreassistencia.com\/","name":"Centre d&#039;Assist\u00e8ncia Socio Sanit\u00e0ria","description":"","publisher":{"@id":"https:\/\/centreassistencia.com\/#organization"},"potentialAction":[{"@type":"SearchAction","target":{"@type":"EntryPoint","urlTemplate":"https:\/\/centreassistencia.com\/?s={search_term_string}"},"query-input":{"@type":"PropertyValueSpecification","valueRequired":true,"valueName":"search_term_string"}}],"inLanguage":"es"},{"@type":"Organization","@id":"https:\/\/centreassistencia.com\/#organization","name":"Centre d'Assist\u00e8ncia Socio Sanit\u00e0ria S.L.","url":"https:\/\/centreassistencia.com\/","logo":{"@type":"ImageObject","inLanguage":"es","@id":"https:\/\/centreassistencia.com\/#\/schema\/logo\/image\/","url":"https:\/\/centreassistencia.com\/wp-content\/uploads\/2015\/10\/logo-cass.png","contentUrl":"https:\/\/centreassistencia.com\/wp-content\/uploads\/2015\/10\/logo-cass.png","width":380,"height":143,"caption":"Centre d'Assist\u00e8ncia Socio Sanit\u00e0ria S.L."},"image":{"@id":"https:\/\/centreassistencia.com\/#\/schema\/logo\/image\/"}}]}},"_links":{"self":[{"href":"https:\/\/centreassistencia.com\/es\/wp-json\/wp\/v2\/pages\/8391","targetHints":{"allow":["GET"]}}],"collection":[{"href":"https:\/\/centreassistencia.com\/es\/wp-json\/wp\/v2\/pages"}],"about":[{"href":"https:\/\/centreassistencia.com\/es\/wp-json\/wp\/v2\/types\/page"}],"author":[{"embeddable":true,"href":"https:\/\/centreassistencia.com\/es\/wp-json\/wp\/v2\/users\/1"}],"replies":[{"embeddable":true,"href":"https:\/\/centreassistencia.com\/es\/wp-json\/wp\/v2\/comments?post=8391"}],"version-history":[{"count":4,"href":"https:\/\/centreassistencia.com\/es\/wp-json\/wp\/v2\/pages\/8391\/revisions"}],"predecessor-version":[{"id":8518,"href":"https:\/\/centreassistencia.com\/es\/wp-json\/wp\/v2\/pages\/8391\/revisions\/8518"}],"wp:attachment":[{"href":"https:\/\/centreassistencia.com\/es\/wp-json\/wp\/v2\/media?parent=8391"}],"curies":[{"name":"wp","href":"https:\/\/api.w.org\/{rel}","templated":true}]}}