{"id":8393,"date":"2015-10-13T17:12:27","date_gmt":"2015-10-13T15:12:27","guid":{"rendered":"https:\/\/centreassistencia.com\/nova_web\/?page_id=8393&#038;lang=es"},"modified":"2016-03-24T10:40:33","modified_gmt":"2016-03-24T09:40:33","slug":"asesoria-juridica","status":"publish","type":"page","link":"https:\/\/centreassistencia.com\/es\/servicios\/asesoria-juridica\/","title":{"rendered":"Asesor\u00eda jur\u00eddica"},"content":{"rendered":"<div class=\"row \"><div class=\"wpv-grid grid-3-5  wpv-first-level first unextended\" style=\"padding-top:0px;padding-bottom:0px\" id=\"wpv-column-8dde7838fa2152f1c61d5d772518c73c\" ><p>Desde el centro, ofrecemos tambi\u00e9n, asistencia jur\u00eddica relativa a nuestro \u00e1mbito de actuaci\u00f3n a los usuarios del SAD y SAS; Asesoramiento sobre procedimientos de incapacidad, tutelas y curatelas, asistencia al tutor, derecho hereditario y elaboraci\u00f3n del testamento vital.<\/div>\n<div class=\"wpv-grid grid-2-5  wpv-first-level unextended\" style=\"padding-top:0px;padding-bottom:0px\" id=\"wpv-column-b1530338b83b332184ddaa7252674175\" ><p><img loading=\"lazy\" decoding=\"async\" class=\"alignnone size-full wp-image-8482\" src=\"https:\/\/centreassistencia.com\/wp-content\/uploads\/2016\/01\/servei-juridic.jpg\" alt=\"Assessorament juridic\" width=\"800\" height=\"600\" \/>\u00bb<\/div><\/div>\n","protected":false},"excerpt":{"rendered":"<p>Desde el centro, ofrecemos tambi\u00e9n, asistencia jur\u00eddica relativa a nuestro \u00e1mbito de actuaci\u00f3n a los usuarios del SAD y SAS; Asesoramiento sobre procedimientos de incapacidad, tutelas y curatelas, asistencia al tutor, derecho hereditario y elaboraci\u00f3n del testamento vital. \u00bb<\/p>\n","protected":false},"author":1,"featured_media":0,"parent":8391,"menu_order":0,"comment_status":"closed","ping_status":"closed","template":"","meta":{"footnotes":""},"class_list":["post-8393","page","type-page","status-publish"],"yoast_head":"<!-- This site is optimized with the Yoast SEO plugin v27.2 - https:\/\/yoast.com\/product\/yoast-seo-wordpress\/ -->\n<title>Asesor\u00eda jur\u00eddica - Centre d&#039;Assist\u00e8ncia Socio Sanit\u00e0ria<\/title>\n<meta name=\"description\" content=\"Desde el centro, ofrecemos tambi\u00e9n, asesor\u00eda jur\u00eddica relativa a nuestro \u00e1mbito de actuaci\u00f3n a los usuarios del SAD y SAS; Asesoramiento sobre procedimientos de incapacidad, tutelas y curatelas, asistencia al tutor, derecho hereditario y elaboraci\u00f3n del testamento vital.\" \/>\n<meta name=\"robots\" content=\"index, follow, max-snippet:-1, max-image-preview:large, max-video-preview:-1\" \/>\n<link rel=\"canonical\" href=\"https:\/\/centreassistencia.com\/es\/servicios\/asesoria-juridica\/\" \/>\n<meta property=\"og:locale\" content=\"es_ES\" \/>\n<meta property=\"og:type\" content=\"article\" \/>\n<meta property=\"og:title\" content=\"Asesor\u00eda jur\u00eddica - Centre d&#039;Assist\u00e8ncia Socio Sanit\u00e0ria\" \/>\n<meta property=\"og:description\" content=\"Desde el centro, ofrecemos tambi\u00e9n, asesor\u00eda jur\u00eddica relativa a nuestro \u00e1mbito de actuaci\u00f3n a los usuarios del SAD y SAS; Asesoramiento sobre procedimientos de incapacidad, tutelas y curatelas, asistencia al tutor, derecho hereditario y elaboraci\u00f3n del testamento vital.\" \/>\n<meta property=\"og:url\" content=\"https:\/\/centreassistencia.com\/es\/servicios\/asesoria-juridica\/\" \/>\n<meta property=\"og:site_name\" content=\"Centre d&#039;Assist\u00e8ncia Socio Sanit\u00e0ria\" \/>\n<meta property=\"article:modified_time\" content=\"2016-03-24T09:40:33+00:00\" \/>\n<meta property=\"og:image\" content=\"https:\/\/centreassistencia.com\/wp-content\/uploads\/2016\/01\/servei-juridic.jpg\" \/>\n<meta name=\"twitter:card\" content=\"summary_large_image\" \/>\n<script type=\"application\/ld+json\" class=\"yoast-schema-graph\">{\"@context\":\"https:\/\/schema.org\",\"@graph\":[{\"@type\":\"WebPage\",\"@id\":\"https:\/\/centreassistencia.com\/es\/servicios\/asesoria-juridica\/\",\"url\":\"https:\/\/centreassistencia.com\/es\/servicios\/asesoria-juridica\/\",\"name\":\"Asesor\u00eda jur\u00eddica - Centre d&#039;Assist\u00e8ncia Socio Sanit\u00e0ria\",\"isPartOf\":{\"@id\":\"https:\/\/centreassistencia.com\/#website\"},\"primaryImageOfPage\":{\"@id\":\"https:\/\/centreassistencia.com\/es\/servicios\/asesoria-juridica\/#primaryimage\"},\"image\":{\"@id\":\"https:\/\/centreassistencia.com\/es\/servicios\/asesoria-juridica\/#primaryimage\"},\"thumbnailUrl\":\"https:\/\/centreassistencia.com\/wp-content\/uploads\/2016\/01\/servei-juridic.jpg\",\"datePublished\":\"2015-10-13T15:12:27+00:00\",\"dateModified\":\"2016-03-24T09:40:33+00:00\",\"description\":\"Desde el centro, ofrecemos tambi\u00e9n, asesor\u00eda jur\u00eddica relativa a nuestro \u00e1mbito de actuaci\u00f3n a los usuarios del SAD y SAS; Asesoramiento sobre procedimientos de incapacidad, tutelas y curatelas, asistencia al tutor, derecho hereditario y elaboraci\u00f3n del testamento vital.\",\"breadcrumb\":{\"@id\":\"https:\/\/centreassistencia.com\/es\/servicios\/asesoria-juridica\/#breadcrumb\"},\"inLanguage\":\"es\",\"potentialAction\":[{\"@type\":\"ReadAction\",\"target\":[\"https:\/\/centreassistencia.com\/es\/servicios\/asesoria-juridica\/\"]}]},{\"@type\":\"ImageObject\",\"inLanguage\":\"es\",\"@id\":\"https:\/\/centreassistencia.com\/es\/servicios\/asesoria-juridica\/#primaryimage\",\"url\":\"https:\/\/centreassistencia.com\/wp-content\/uploads\/2016\/01\/servei-juridic.jpg\",\"contentUrl\":\"https:\/\/centreassistencia.com\/wp-content\/uploads\/2016\/01\/servei-juridic.jpg\"},{\"@type\":\"BreadcrumbList\",\"@id\":\"https:\/\/centreassistencia.com\/es\/servicios\/asesoria-juridica\/#breadcrumb\",\"itemListElement\":[{\"@type\":\"ListItem\",\"position\":1,\"name\":\"Inici\",\"item\":\"https:\/\/centreassistencia.com\/es\/\"},{\"@type\":\"ListItem\",\"position\":2,\"name\":\"Servicios\",\"item\":\"https:\/\/centreassistencia.com\/es\/servicios\/\"},{\"@type\":\"ListItem\",\"position\":3,\"name\":\"Asesor\u00eda jur\u00eddica\"}]},{\"@type\":\"WebSite\",\"@id\":\"https:\/\/centreassistencia.com\/#website\",\"url\":\"https:\/\/centreassistencia.com\/\",\"name\":\"Centre d&#039;Assist\u00e8ncia Socio Sanit\u00e0ria\",\"description\":\"\",\"publisher\":{\"@id\":\"https:\/\/centreassistencia.com\/#organization\"},\"potentialAction\":[{\"@type\":\"SearchAction\",\"target\":{\"@type\":\"EntryPoint\",\"urlTemplate\":\"https:\/\/centreassistencia.com\/?s={search_term_string}\"},\"query-input\":{\"@type\":\"PropertyValueSpecification\",\"valueRequired\":true,\"valueName\":\"search_term_string\"}}],\"inLanguage\":\"es\"},{\"@type\":\"Organization\",\"@id\":\"https:\/\/centreassistencia.com\/#organization\",\"name\":\"Centre d'Assist\u00e8ncia Socio Sanit\u00e0ria S.L.\",\"url\":\"https:\/\/centreassistencia.com\/\",\"logo\":{\"@type\":\"ImageObject\",\"inLanguage\":\"es\",\"@id\":\"https:\/\/centreassistencia.com\/#\/schema\/logo\/image\/\",\"url\":\"https:\/\/centreassistencia.com\/wp-content\/uploads\/2015\/10\/logo-cass.png\",\"contentUrl\":\"https:\/\/centreassistencia.com\/wp-content\/uploads\/2015\/10\/logo-cass.png\",\"width\":380,\"height\":143,\"caption\":\"Centre d'Assist\u00e8ncia Socio Sanit\u00e0ria S.L.\"},\"image\":{\"@id\":\"https:\/\/centreassistencia.com\/#\/schema\/logo\/image\/\"}}]}<\/script>\n<!-- \/ Yoast SEO plugin. -->","yoast_head_json":{"title":"Asesor\u00eda jur\u00eddica - Centre d&#039;Assist\u00e8ncia Socio Sanit\u00e0ria","description":"Desde el centro, ofrecemos tambi\u00e9n, asesor\u00eda jur\u00eddica relativa a nuestro \u00e1mbito de actuaci\u00f3n a los usuarios del SAD y SAS; Asesoramiento sobre procedimientos de incapacidad, tutelas y curatelas, asistencia al tutor, derecho hereditario y elaboraci\u00f3n del testamento vital.","robots":{"index":"index","follow":"follow","max-snippet":"max-snippet:-1","max-image-preview":"max-image-preview:large","max-video-preview":"max-video-preview:-1"},"canonical":"https:\/\/centreassistencia.com\/es\/servicios\/asesoria-juridica\/","og_locale":"es_ES","og_type":"article","og_title":"Asesor\u00eda jur\u00eddica - Centre d&#039;Assist\u00e8ncia Socio Sanit\u00e0ria","og_description":"Desde el centro, ofrecemos tambi\u00e9n, asesor\u00eda jur\u00eddica relativa a nuestro \u00e1mbito de actuaci\u00f3n a los usuarios del SAD y SAS; Asesoramiento sobre procedimientos de incapacidad, tutelas y curatelas, asistencia al tutor, derecho hereditario y elaboraci\u00f3n del testamento vital.","og_url":"https:\/\/centreassistencia.com\/es\/servicios\/asesoria-juridica\/","og_site_name":"Centre d&#039;Assist\u00e8ncia Socio Sanit\u00e0ria","article_modified_time":"2016-03-24T09:40:33+00:00","og_image":[{"url":"https:\/\/centreassistencia.com\/wp-content\/uploads\/2016\/01\/servei-juridic.jpg","type":"","width":"","height":""}],"twitter_card":"summary_large_image","schema":{"@context":"https:\/\/schema.org","@graph":[{"@type":"WebPage","@id":"https:\/\/centreassistencia.com\/es\/servicios\/asesoria-juridica\/","url":"https:\/\/centreassistencia.com\/es\/servicios\/asesoria-juridica\/","name":"Asesor\u00eda jur\u00eddica - Centre d&#039;Assist\u00e8ncia Socio Sanit\u00e0ria","isPartOf":{"@id":"https:\/\/centreassistencia.com\/#website"},"primaryImageOfPage":{"@id":"https:\/\/centreassistencia.com\/es\/servicios\/asesoria-juridica\/#primaryimage"},"image":{"@id":"https:\/\/centreassistencia.com\/es\/servicios\/asesoria-juridica\/#primaryimage"},"thumbnailUrl":"https:\/\/centreassistencia.com\/wp-content\/uploads\/2016\/01\/servei-juridic.jpg","datePublished":"2015-10-13T15:12:27+00:00","dateModified":"2016-03-24T09:40:33+00:00","description":"Desde el centro, ofrecemos tambi\u00e9n, asesor\u00eda jur\u00eddica relativa a nuestro \u00e1mbito de actuaci\u00f3n a los usuarios del SAD y SAS; Asesoramiento sobre procedimientos de incapacidad, tutelas y curatelas, asistencia al tutor, derecho hereditario y elaboraci\u00f3n del testamento vital.","breadcrumb":{"@id":"https:\/\/centreassistencia.com\/es\/servicios\/asesoria-juridica\/#breadcrumb"},"inLanguage":"es","potentialAction":[{"@type":"ReadAction","target":["https:\/\/centreassistencia.com\/es\/servicios\/asesoria-juridica\/"]}]},{"@type":"ImageObject","inLanguage":"es","@id":"https:\/\/centreassistencia.com\/es\/servicios\/asesoria-juridica\/#primaryimage","url":"https:\/\/centreassistencia.com\/wp-content\/uploads\/2016\/01\/servei-juridic.jpg","contentUrl":"https:\/\/centreassistencia.com\/wp-content\/uploads\/2016\/01\/servei-juridic.jpg"},{"@type":"BreadcrumbList","@id":"https:\/\/centreassistencia.com\/es\/servicios\/asesoria-juridica\/#breadcrumb","itemListElement":[{"@type":"ListItem","position":1,"name":"Inici","item":"https:\/\/centreassistencia.com\/es\/"},{"@type":"ListItem","position":2,"name":"Servicios","item":"https:\/\/centreassistencia.com\/es\/servicios\/"},{"@type":"ListItem","position":3,"name":"Asesor\u00eda jur\u00eddica"}]},{"@type":"WebSite","@id":"https:\/\/centreassistencia.com\/#website","url":"https:\/\/centreassistencia.com\/","name":"Centre d&#039;Assist\u00e8ncia Socio Sanit\u00e0ria","description":"","publisher":{"@id":"https:\/\/centreassistencia.com\/#organization"},"potentialAction":[{"@type":"SearchAction","target":{"@type":"EntryPoint","urlTemplate":"https:\/\/centreassistencia.com\/?s={search_term_string}"},"query-input":{"@type":"PropertyValueSpecification","valueRequired":true,"valueName":"search_term_string"}}],"inLanguage":"es"},{"@type":"Organization","@id":"https:\/\/centreassistencia.com\/#organization","name":"Centre d'Assist\u00e8ncia Socio Sanit\u00e0ria S.L.","url":"https:\/\/centreassistencia.com\/","logo":{"@type":"ImageObject","inLanguage":"es","@id":"https:\/\/centreassistencia.com\/#\/schema\/logo\/image\/","url":"https:\/\/centreassistencia.com\/wp-content\/uploads\/2015\/10\/logo-cass.png","contentUrl":"https:\/\/centreassistencia.com\/wp-content\/uploads\/2015\/10\/logo-cass.png","width":380,"height":143,"caption":"Centre d'Assist\u00e8ncia Socio Sanit\u00e0ria S.L."},"image":{"@id":"https:\/\/centreassistencia.com\/#\/schema\/logo\/image\/"}}]}},"_links":{"self":[{"href":"https:\/\/centreassistencia.com\/es\/wp-json\/wp\/v2\/pages\/8393","targetHints":{"allow":["GET"]}}],"collection":[{"href":"https:\/\/centreassistencia.com\/es\/wp-json\/wp\/v2\/pages"}],"about":[{"href":"https:\/\/centreassistencia.com\/es\/wp-json\/wp\/v2\/types\/page"}],"author":[{"embeddable":true,"href":"https:\/\/centreassistencia.com\/es\/wp-json\/wp\/v2\/users\/1"}],"replies":[{"embeddable":true,"href":"https:\/\/centreassistencia.com\/es\/wp-json\/wp\/v2\/comments?post=8393"}],"version-history":[{"count":3,"href":"https:\/\/centreassistencia.com\/es\/wp-json\/wp\/v2\/pages\/8393\/revisions"}],"predecessor-version":[{"id":8528,"href":"https:\/\/centreassistencia.com\/es\/wp-json\/wp\/v2\/pages\/8393\/revisions\/8528"}],"up":[{"embeddable":true,"href":"https:\/\/centreassistencia.com\/es\/wp-json\/wp\/v2\/pages\/8391"}],"wp:attachment":[{"href":"https:\/\/centreassistencia.com\/es\/wp-json\/wp\/v2\/media?parent=8393"}],"curies":[{"name":"wp","href":"https:\/\/api.w.org\/{rel}","templated":true}]}}