{"id":8398,"date":"2015-10-13T17:15:03","date_gmt":"2015-10-13T15:15:03","guid":{"rendered":"https:\/\/centreassistencia.com\/nova_web\/?page_id=8398&#038;lang=es"},"modified":"2016-03-24T10:41:11","modified_gmt":"2016-03-24T09:41:11","slug":"formacion","status":"publish","type":"page","link":"https:\/\/centreassistencia.com\/es\/servicios\/formacion\/","title":{"rendered":"Formaci\u00f3n"},"content":{"rendered":"<div class=\"row \"><div class=\"wpv-grid grid-3-5  wpv-first-level first unextended\" style=\"padding-top:0px;padding-bottom:0px\" id=\"wpv-column-23594711e6821267d6e499f85f7dccef\" ><p>La experiencia acumulada desde 1999 en la atenci\u00f3n a las personas dependientes nos capacita para impartir formaci\u00f3n en el campo sanitario y social, al sumar a los conocimientos t\u00e9cnicos la vertiente pr\u00e1ctica de la atenci\u00f3n diaria.<\/p>\n<p>El servicio de formaci\u00f3n y asesoramiento, dirigido tanto al personal propio como como al de otros centros e instituciones persigue promover y mejorar la calidad t\u00e9cnica y asistencial, en el campo gerontogeri\u00e1trico, de los recursos humanos, de la prevenci\u00f3n de los riesgos laborales y de la atenci\u00f3n en las discapacidades. Se pretende formar a los componentes del equipo multidisciplinar, en los \u00faltimos avances asistenciales, as\u00ed como<br \/>\nen el uso de los instrumentos de valoraci\u00f3n, f\u00edsica, ps\u00edquica, social e instrumental.<\/p>\n<p>Desde 1999 el CENTRO DE ASISTENCIA SOCIO SANITARIA SL (CASS) ha impartido m\u00e1s de 9.000 horas lectivas en formaci\u00f3n para diferentes entidades y organismos p\u00fablicos y privados.<\/p>\n<div class=\"row \"><div class=\"wpv-grid grid-1-2  first unextended\" style=\"padding-top:0px;padding-bottom:0px\" id=\"wpv-column-a98ed9d4370ede65cc6204c6b1db01c5\" ><ul>\n<li>Creu Roja Terrassa<\/li>\n<li>IES Castellarnau<\/li>\n<li>Foment de Terrassa<\/li>\n<li>Prodis. (Prodisminu\u00efts Fundaci\u00f3 privada Terrasenca)<\/li>\n<li>EMFO (Ajuntament de Mollet)<\/li>\n<li>Creu Roja Barcelona<\/li>\n<li>Resid\u00e8ncia Ass\u00eds de Sant Quirze del Vall\u00e8s<\/li>\n<li>Resid\u00e8ncia Cambrils<\/li>\n<li>Fundaci\u00f3 Domicilia<\/li>\n<li>Campus Professional Vallparadis ( A de Terrassa)<\/li>\n<li>Vapor Llonch ( Ajuntament de Sabadell)<\/li>\n<li>AC Fisioter\u00e0pia<\/li>\n<\/ul><\/div>\n<div class=\"wpv-grid grid-1-2  unextended\" style=\"padding-top:0px;padding-bottom:0px\" id=\"wpv-column-3b3bfa6a8f86f2c311d93794c94d5fa2\" ><ul>\n<li>Edifici Cal Molins. Ajuntament de Sabadell<\/li>\n<li>Clece SA. Barcelona<\/li>\n<li>Centre de formaci\u00f3 municipal \u201cCan Calder\u00f3n\u201d. Viladecans<\/li>\n<li>Fundaci\u00f3 Clerch i Nicolau. Figueres<\/li>\n<li>Serveis de mediaci\u00f3 municipals. Premia de Mar<\/li>\n<li>La Roca Umbert. Granollers<\/li>\n<li>Consell Comarcal de l\u2019Alt Pened\u00e8s. Vilafranca del Pened\u00e8s<\/li>\n<li>Edifici Granja Soldevila. Sta. Perpetua de la Moguda<\/li>\n<li>Consell Comarcal del Vall\u00e8s Oriental. Granollers<\/li>\n<\/ul><\/div><\/div><\/div>\n<div class=\"wpv-grid grid-2-5  wpv-first-level unextended\" style=\"padding-top:0px;padding-bottom:0px\" id=\"wpv-column-f82036fae1fa56094d4784391be31785\" ><p><img loading=\"lazy\" decoding=\"async\" class=\"alignnone size-full wp-image-8101\" src=\"https:\/\/centreassistencia.com\/wp-content\/uploads\/2016\/01\/formacio.jpg\" alt=\"Formaci\u00f3 i assessorament\" width=\"600\" height=\"400\" \/><\/div><\/div>\n<div class=\"row \"><div class=\"wpv-grid grid-3-5  wpv-first-level first unextended\" style=\"padding-top:0px;padding-bottom:0px\" id=\"wpv-column-aa5f3f14debba867470df716cd11b887\" >\t\t<h2 class=\"text-divider-double\">\t\t\tServicios en este \u00e1mbito\t\t<\/h2>\t\t<div class=\"sep\"><\/div>\t<div class=\"wpv-accordion-wrapper wpv-accordion-1\"><style scoped>.wpv-accordion-1 .tab .inner { background-color: #3695EB; color: #ffffff; }<\/style><ul class=\"wpv-accordion\" data-collapsible=\"true\"><li class=\"pane-wrapper\" style=\"\">\n\t\t\t\t\t<h4 class=\"tab\"><span class=\"inner\">Formaci\u00f3n para empresas<\/span><\/h4>\n\t\t\t\t\t<div class=\"pane\"><div class=\"inner\"><p>La constataci\u00f3n de un mundo laboral cada vez m\u00e1s complejo y cambiante, nos obliga a mejorar la calidad asistencial, para ello es necesario ampliar competencias y conocimientos de los profesionales.<\/p>\n<p>Desde el CASS les proponemos una serie de cursos para el personal de su centro, a la vez que les ofrecemos la posibilidad de dise\u00f1ar los contenidos formativos para que respondan especificamente a sus necesidades. Nos adaptamos en cuanto calendario y horario. La formaci\u00f3n pude ser impartida de forma presencial, en la modalidad a distancia y tambi\u00e9n de forma mixta, mediante la combinaci\u00f3n de las dos modalidades. Finalmente la metodolog\u00eda y diversidad de los contenidos se adaptan al perfil de los alumnos, la tem\u00e1tica tratada y las caracter\u00edsticas del centro.<\/div><\/div>\n\t\t\t\t\t<\/li><li class=\"pane-wrapper\" style=\"\">\n\t\t\t\t\t<h4 class=\"tab\"><span class=\"inner\">Formaci\u00f3n pera fam\u00edlias y cuidadores<\/span><\/h4>\n\t\t\t\t\t<div class=\"pane\"><div class=\"inner\"><p>Las mejoras en las condiciones de vida, sumados a los avances higi\u00e9nicos-sanit\u00e1rios han alargado las expectativas de la esperanza de vida. Estamos en una sociedad en la que el n\u00famero de personas mayores han aumentado considerablemte.<\/p>\n<p>El desarrollo de pol\u00edticas para la prevenci\u00f3n de la autonom\u00eda personal y protecci\u00f3n de las personas con dependencia, es una de las prioridades en materia de pol\u00edtica social que deben afrontar diferentes pa\u00edses de Uni\u00f3n Europea en las que la familia han asumido tradicionalmente el cuidados de sus miembros con dependencias. Desde el CASS, queremos proporcionar las habilidades a la persona cuidadora para mejorar la calidad de vida de la persona dependiente, a la vez que se le ayuda ha cuidarse a si misma.<\/div><\/div>\n\t\t\t\t\t<\/li><\/ul><\/div><\/div><\/div>\n","protected":false},"excerpt":{"rendered":"<p>La experiencia acumulada desde 1999 en la atenci\u00f3n a las personas dependientes nos capacita para impartir formaci\u00f3n en el campo sanitario y social, al sumar a los conocimientos t\u00e9cnicos la vertiente pr\u00e1ctica de la atenci\u00f3n diaria. El servicio de formaci\u00f3n y asesoramiento, dirigido tanto al personal propio como como al de otros centros e instituciones&#8230;<\/p>\n","protected":false},"author":1,"featured_media":0,"parent":8391,"menu_order":0,"comment_status":"closed","ping_status":"closed","template":"","meta":{"footnotes":""},"class_list":["post-8398","page","type-page","status-publish"],"yoast_head":"<!-- This site is optimized with the Yoast SEO plugin v27.2 - https:\/\/yoast.com\/product\/yoast-seo-wordpress\/ -->\n<title>Formaci\u00f3n - Centre d&#039;Assist\u00e8ncia Socio Sanit\u00e0ria<\/title>\n<meta name=\"robots\" content=\"index, follow, max-snippet:-1, max-image-preview:large, max-video-preview:-1\" \/>\n<link rel=\"canonical\" href=\"https:\/\/centreassistencia.com\/es\/servicios\/formacion\/\" \/>\n<meta property=\"og:locale\" content=\"es_ES\" \/>\n<meta property=\"og:type\" content=\"article\" \/>\n<meta property=\"og:title\" content=\"Formaci\u00f3n - Centre d&#039;Assist\u00e8ncia Socio Sanit\u00e0ria\" \/>\n<meta property=\"og:description\" content=\"La experiencia acumulada desde 1999 en la atenci\u00f3n a las personas dependientes nos capacita para impartir formaci\u00f3n en el campo sanitario y social, al sumar a los conocimientos t\u00e9cnicos la vertiente pr\u00e1ctica de la atenci\u00f3n diaria. El servicio de formaci\u00f3n y asesoramiento, dirigido tanto al personal propio como como al de otros centros e instituciones...\" \/>\n<meta property=\"og:url\" content=\"https:\/\/centreassistencia.com\/es\/servicios\/formacion\/\" \/>\n<meta property=\"og:site_name\" content=\"Centre d&#039;Assist\u00e8ncia Socio Sanit\u00e0ria\" \/>\n<meta property=\"article:modified_time\" content=\"2016-03-24T09:41:11+00:00\" \/>\n<meta property=\"og:image\" content=\"https:\/\/centreassistencia.com\/wp-content\/uploads\/2016\/01\/formacio.jpg\" \/>\n<meta name=\"twitter:card\" content=\"summary_large_image\" \/>\n<meta name=\"twitter:label1\" content=\"Tiempo de lectura\" \/>\n\t<meta name=\"twitter:data1\" content=\"4 minutos\" \/>\n<script type=\"application\/ld+json\" class=\"yoast-schema-graph\">{\"@context\":\"https:\/\/schema.org\",\"@graph\":[{\"@type\":\"WebPage\",\"@id\":\"https:\/\/centreassistencia.com\/es\/servicios\/formacion\/\",\"url\":\"https:\/\/centreassistencia.com\/es\/servicios\/formacion\/\",\"name\":\"Formaci\u00f3n - Centre d&#039;Assist\u00e8ncia Socio Sanit\u00e0ria\",\"isPartOf\":{\"@id\":\"https:\/\/centreassistencia.com\/#website\"},\"primaryImageOfPage\":{\"@id\":\"https:\/\/centreassistencia.com\/es\/servicios\/formacion\/#primaryimage\"},\"image\":{\"@id\":\"https:\/\/centreassistencia.com\/es\/servicios\/formacion\/#primaryimage\"},\"thumbnailUrl\":\"https:\/\/centreassistencia.com\/wp-content\/uploads\/2016\/01\/formacio.jpg\",\"datePublished\":\"2015-10-13T15:15:03+00:00\",\"dateModified\":\"2016-03-24T09:41:11+00:00\",\"breadcrumb\":{\"@id\":\"https:\/\/centreassistencia.com\/es\/servicios\/formacion\/#breadcrumb\"},\"inLanguage\":\"es\",\"potentialAction\":[{\"@type\":\"ReadAction\",\"target\":[\"https:\/\/centreassistencia.com\/es\/servicios\/formacion\/\"]}]},{\"@type\":\"ImageObject\",\"inLanguage\":\"es\",\"@id\":\"https:\/\/centreassistencia.com\/es\/servicios\/formacion\/#primaryimage\",\"url\":\"https:\/\/centreassistencia.com\/wp-content\/uploads\/2016\/01\/formacio.jpg\",\"contentUrl\":\"https:\/\/centreassistencia.com\/wp-content\/uploads\/2016\/01\/formacio.jpg\"},{\"@type\":\"BreadcrumbList\",\"@id\":\"https:\/\/centreassistencia.com\/es\/servicios\/formacion\/#breadcrumb\",\"itemListElement\":[{\"@type\":\"ListItem\",\"position\":1,\"name\":\"Inici\",\"item\":\"https:\/\/centreassistencia.com\/es\/\"},{\"@type\":\"ListItem\",\"position\":2,\"name\":\"Servicios\",\"item\":\"https:\/\/centreassistencia.com\/es\/servicios\/\"},{\"@type\":\"ListItem\",\"position\":3,\"name\":\"Formaci\u00f3n\"}]},{\"@type\":\"WebSite\",\"@id\":\"https:\/\/centreassistencia.com\/#website\",\"url\":\"https:\/\/centreassistencia.com\/\",\"name\":\"Centre d&#039;Assist\u00e8ncia Socio Sanit\u00e0ria\",\"description\":\"\",\"publisher\":{\"@id\":\"https:\/\/centreassistencia.com\/#organization\"},\"potentialAction\":[{\"@type\":\"SearchAction\",\"target\":{\"@type\":\"EntryPoint\",\"urlTemplate\":\"https:\/\/centreassistencia.com\/?s={search_term_string}\"},\"query-input\":{\"@type\":\"PropertyValueSpecification\",\"valueRequired\":true,\"valueName\":\"search_term_string\"}}],\"inLanguage\":\"es\"},{\"@type\":\"Organization\",\"@id\":\"https:\/\/centreassistencia.com\/#organization\",\"name\":\"Centre d'Assist\u00e8ncia Socio Sanit\u00e0ria S.L.\",\"url\":\"https:\/\/centreassistencia.com\/\",\"logo\":{\"@type\":\"ImageObject\",\"inLanguage\":\"es\",\"@id\":\"https:\/\/centreassistencia.com\/#\/schema\/logo\/image\/\",\"url\":\"https:\/\/centreassistencia.com\/wp-content\/uploads\/2015\/10\/logo-cass.png\",\"contentUrl\":\"https:\/\/centreassistencia.com\/wp-content\/uploads\/2015\/10\/logo-cass.png\",\"width\":380,\"height\":143,\"caption\":\"Centre d'Assist\u00e8ncia Socio Sanit\u00e0ria S.L.\"},\"image\":{\"@id\":\"https:\/\/centreassistencia.com\/#\/schema\/logo\/image\/\"}}]}<\/script>\n<!-- \/ Yoast SEO plugin. -->","yoast_head_json":{"title":"Formaci\u00f3n - Centre d&#039;Assist\u00e8ncia Socio Sanit\u00e0ria","robots":{"index":"index","follow":"follow","max-snippet":"max-snippet:-1","max-image-preview":"max-image-preview:large","max-video-preview":"max-video-preview:-1"},"canonical":"https:\/\/centreassistencia.com\/es\/servicios\/formacion\/","og_locale":"es_ES","og_type":"article","og_title":"Formaci\u00f3n - Centre d&#039;Assist\u00e8ncia Socio Sanit\u00e0ria","og_description":"La experiencia acumulada desde 1999 en la atenci\u00f3n a las personas dependientes nos capacita para impartir formaci\u00f3n en el campo sanitario y social, al sumar a los conocimientos t\u00e9cnicos la vertiente pr\u00e1ctica de la atenci\u00f3n diaria. El servicio de formaci\u00f3n y asesoramiento, dirigido tanto al personal propio como como al de otros centros e instituciones...","og_url":"https:\/\/centreassistencia.com\/es\/servicios\/formacion\/","og_site_name":"Centre d&#039;Assist\u00e8ncia Socio Sanit\u00e0ria","article_modified_time":"2016-03-24T09:41:11+00:00","og_image":[{"url":"https:\/\/centreassistencia.com\/wp-content\/uploads\/2016\/01\/formacio.jpg","type":"","width":"","height":""}],"twitter_card":"summary_large_image","twitter_misc":{"Tiempo de lectura":"4 minutos"},"schema":{"@context":"https:\/\/schema.org","@graph":[{"@type":"WebPage","@id":"https:\/\/centreassistencia.com\/es\/servicios\/formacion\/","url":"https:\/\/centreassistencia.com\/es\/servicios\/formacion\/","name":"Formaci\u00f3n - Centre d&#039;Assist\u00e8ncia Socio Sanit\u00e0ria","isPartOf":{"@id":"https:\/\/centreassistencia.com\/#website"},"primaryImageOfPage":{"@id":"https:\/\/centreassistencia.com\/es\/servicios\/formacion\/#primaryimage"},"image":{"@id":"https:\/\/centreassistencia.com\/es\/servicios\/formacion\/#primaryimage"},"thumbnailUrl":"https:\/\/centreassistencia.com\/wp-content\/uploads\/2016\/01\/formacio.jpg","datePublished":"2015-10-13T15:15:03+00:00","dateModified":"2016-03-24T09:41:11+00:00","breadcrumb":{"@id":"https:\/\/centreassistencia.com\/es\/servicios\/formacion\/#breadcrumb"},"inLanguage":"es","potentialAction":[{"@type":"ReadAction","target":["https:\/\/centreassistencia.com\/es\/servicios\/formacion\/"]}]},{"@type":"ImageObject","inLanguage":"es","@id":"https:\/\/centreassistencia.com\/es\/servicios\/formacion\/#primaryimage","url":"https:\/\/centreassistencia.com\/wp-content\/uploads\/2016\/01\/formacio.jpg","contentUrl":"https:\/\/centreassistencia.com\/wp-content\/uploads\/2016\/01\/formacio.jpg"},{"@type":"BreadcrumbList","@id":"https:\/\/centreassistencia.com\/es\/servicios\/formacion\/#breadcrumb","itemListElement":[{"@type":"ListItem","position":1,"name":"Inici","item":"https:\/\/centreassistencia.com\/es\/"},{"@type":"ListItem","position":2,"name":"Servicios","item":"https:\/\/centreassistencia.com\/es\/servicios\/"},{"@type":"ListItem","position":3,"name":"Formaci\u00f3n"}]},{"@type":"WebSite","@id":"https:\/\/centreassistencia.com\/#website","url":"https:\/\/centreassistencia.com\/","name":"Centre d&#039;Assist\u00e8ncia Socio Sanit\u00e0ria","description":"","publisher":{"@id":"https:\/\/centreassistencia.com\/#organization"},"potentialAction":[{"@type":"SearchAction","target":{"@type":"EntryPoint","urlTemplate":"https:\/\/centreassistencia.com\/?s={search_term_string}"},"query-input":{"@type":"PropertyValueSpecification","valueRequired":true,"valueName":"search_term_string"}}],"inLanguage":"es"},{"@type":"Organization","@id":"https:\/\/centreassistencia.com\/#organization","name":"Centre d'Assist\u00e8ncia Socio Sanit\u00e0ria S.L.","url":"https:\/\/centreassistencia.com\/","logo":{"@type":"ImageObject","inLanguage":"es","@id":"https:\/\/centreassistencia.com\/#\/schema\/logo\/image\/","url":"https:\/\/centreassistencia.com\/wp-content\/uploads\/2015\/10\/logo-cass.png","contentUrl":"https:\/\/centreassistencia.com\/wp-content\/uploads\/2015\/10\/logo-cass.png","width":380,"height":143,"caption":"Centre d'Assist\u00e8ncia Socio Sanit\u00e0ria S.L."},"image":{"@id":"https:\/\/centreassistencia.com\/#\/schema\/logo\/image\/"}}]}},"_links":{"self":[{"href":"https:\/\/centreassistencia.com\/es\/wp-json\/wp\/v2\/pages\/8398","targetHints":{"allow":["GET"]}}],"collection":[{"href":"https:\/\/centreassistencia.com\/es\/wp-json\/wp\/v2\/pages"}],"about":[{"href":"https:\/\/centreassistencia.com\/es\/wp-json\/wp\/v2\/types\/page"}],"author":[{"embeddable":true,"href":"https:\/\/centreassistencia.com\/es\/wp-json\/wp\/v2\/users\/1"}],"replies":[{"embeddable":true,"href":"https:\/\/centreassistencia.com\/es\/wp-json\/wp\/v2\/comments?post=8398"}],"version-history":[{"count":9,"href":"https:\/\/centreassistencia.com\/es\/wp-json\/wp\/v2\/pages\/8398\/revisions"}],"predecessor-version":[{"id":8670,"href":"https:\/\/centreassistencia.com\/es\/wp-json\/wp\/v2\/pages\/8398\/revisions\/8670"}],"up":[{"embeddable":true,"href":"https:\/\/centreassistencia.com\/es\/wp-json\/wp\/v2\/pages\/8391"}],"wp:attachment":[{"href":"https:\/\/centreassistencia.com\/es\/wp-json\/wp\/v2\/media?parent=8398"}],"curies":[{"name":"wp","href":"https:\/\/api.w.org\/{rel}","templated":true}]}}