{"id":8406,"date":"2015-10-13T17:18:53","date_gmt":"2015-10-13T15:18:53","guid":{"rendered":"https:\/\/centreassistencia.com\/nova_web\/?page_id=8406&#038;lang=es"},"modified":"2016-03-24T10:42:45","modified_gmt":"2016-03-24T09:42:45","slug":"servicio-de-asistencia-sanitaria-sas","status":"publish","type":"page","link":"https:\/\/centreassistencia.com\/es\/servicios\/servicio-de-asistencia-sanitaria-sas\/","title":{"rendered":"Servicio de asistencia sanitaria (SAS)"},"content":{"rendered":"<div class=\"row \"><div class=\"wpv-grid grid-3-5  wpv-first-level first unextended\" style=\"padding-top:0px;padding-bottom:0px\" id=\"wpv-column-5fc7dd2dcb9bb53caf660abf1313884d\" ><div class=\"row \"><div class=\"wpv-grid grid-1-1  first unextended\" style=\"padding-top:0px;padding-bottom:0px\" id=\"wpv-column-2890623331ddae9fb932a2a44478ac36\" ><p>El Servicio de asistencia sanitaria (SAS) est\u00e1 inscrito en el Registro de Centros Servicios y Establecimientos Sanitarios del Departamento de Salud de la Generalitat de Catalunya.<\/p>\n<p>En este \u00e1mbito adem\u00e1s de los cuidados m\u00e9dicos y de enfermer\u00eda dirigidos tanto a los usuarios de (SAD) como a aquellos otros que, sin serlo, necesitan la asistencia de estos profesionales, ofrecemos el servicio de cuidados paliativos a domicilio a los pacientes oncol\u00f3gicos.<\/p>\n<div class=\"row \"><div class=\"wpv-grid grid-1-1  first unextended\" style=\"padding-top:0px;padding-bottom:0px\" id=\"wpv-column-045cd654d709e0a536b98019677c669e\" >\t\t<h2 class=\"text-divider-double\">\t\t\tServicios en este \u00e1mbito\t\t<\/h2>\t\t<div class=\"sep\"><\/div>\t<div class=\"wpv-accordion-wrapper wpv-accordion-1\"><style scoped>.wpv-accordion-1 .tab .inner { background-color: #3695EB; color: #ffffff; }<\/style><ul class=\"wpv-accordion\" data-collapsible=\"true\"><li class=\"pane-wrapper\" style=\"\">\n\t\t\t\t\t<h4 class=\"tab\"><span class=\"inner\">Servicio m\u00e9dico<\/span><\/h4>\n\t\t\t\t\t<div class=\"pane\"><div class=\"inner\"><p>Servicio m\u00e9dico domiciliario, dirigido a usuarios con pluripatolog\u00edas cr\u00f3nicas y progresiva dependencia y fragilidad, que presentan un riesgo elevado de institucionalizaci\u00f3n.<\/p>\n<p>Realizaci\u00f3n de visitas m\u00e9dicas peri\u00f3dicas, consistentes en la supervisi\u00f3n y ajuste de los tratamientos, tanto de la enfermedad de base como de las complicaciones que se puedan presentar, con el fin de evitar o retrasar la hospitalitzaci\u00f3n .<\/div><\/div>\n\t\t\t\t\t<\/li><li class=\"pane-wrapper\" style=\"\">\n\t\t\t\t\t<h4 class=\"tab\"><span class=\"inner\">Curas paliativas<\/span><\/h4>\n\t\t\t\t\t<div class=\"pane\"><div class=\"inner\"><p>Servicio de atenci\u00f3n integral al paciente en proceso de enfermedad oncol\u00f3gica dispensado por diferentes profesionales, que persigue el bienestar del enfermo y de su entorno familiar mediante el control de s\u00edntomas, el apoyo emocional y la comunicaci\u00f3n.<\/div><\/div>\n\t\t\t\t\t<\/li><\/ul><\/div><\/div><\/div><\/div><\/div><\/div>\n<div class=\"wpv-grid grid-2-5  wpv-first-level unextended\" style=\"padding-top:0px;padding-bottom:0px\" id=\"wpv-column-d3f273f06451df5d7f981fd579d4550e\" ><p><img loading=\"lazy\" decoding=\"async\" class=\"alignnone size-full wp-image-8088\" src=\"https:\/\/centreassistencia.com\/wp-content\/uploads\/2016\/01\/sas.jpg\" alt=\"assistencia-sanitaria\" width=\"600\" height=\"400\" \/><\/div><\/div>\n","protected":false},"excerpt":{"rendered":"<p>El Servicio de asistencia sanitaria (SAS) est\u00e1 inscrito en el Registro de Centros Servicios y Establecimientos Sanitarios del Departamento de Salud de la Generalitat de Catalunya. En este \u00e1mbito adem\u00e1s de los cuidados m\u00e9dicos y de enfermer\u00eda dirigidos tanto a los usuarios de (SAD) como a aquellos otros que, sin serlo, necesitan la asistencia de&#8230;<\/p>\n","protected":false},"author":1,"featured_media":0,"parent":8391,"menu_order":0,"comment_status":"closed","ping_status":"closed","template":"","meta":{"footnotes":""},"class_list":["post-8406","page","type-page","status-publish"],"yoast_head":"<!-- This site is optimized with the Yoast SEO plugin v27.2 - https:\/\/yoast.com\/product\/yoast-seo-wordpress\/ -->\n<title>Servicio de asistencia sanitaria (SAS) - Centre d&#039;Assist\u00e8ncia Socio Sanit\u00e0ria<\/title>\n<meta name=\"robots\" content=\"index, follow, max-snippet:-1, max-image-preview:large, max-video-preview:-1\" \/>\n<link rel=\"canonical\" href=\"https:\/\/centreassistencia.com\/es\/servicios\/servicio-de-asistencia-sanitaria-sas\/\" \/>\n<meta property=\"og:locale\" content=\"es_ES\" \/>\n<meta property=\"og:type\" content=\"article\" \/>\n<meta property=\"og:title\" content=\"Servicio de asistencia sanitaria (SAS) - Centre d&#039;Assist\u00e8ncia Socio Sanit\u00e0ria\" \/>\n<meta property=\"og:description\" content=\"El Servicio de asistencia sanitaria (SAS) est\u00e1 inscrito en el Registro de Centros Servicios y Establecimientos Sanitarios del Departamento de Salud de la Generalitat de Catalunya. En este \u00e1mbito adem\u00e1s de los cuidados m\u00e9dicos y de enfermer\u00eda dirigidos tanto a los usuarios de (SAD) como a aquellos otros que, sin serlo, necesitan la asistencia de...\" \/>\n<meta property=\"og:url\" content=\"https:\/\/centreassistencia.com\/es\/servicios\/servicio-de-asistencia-sanitaria-sas\/\" \/>\n<meta property=\"og:site_name\" content=\"Centre d&#039;Assist\u00e8ncia Socio Sanit\u00e0ria\" \/>\n<meta property=\"article:modified_time\" content=\"2016-03-24T09:42:45+00:00\" \/>\n<meta property=\"og:image\" content=\"https:\/\/centreassistencia.com\/wp-content\/uploads\/2016\/01\/sas.jpg\" \/>\n<meta name=\"twitter:card\" content=\"summary_large_image\" \/>\n<meta name=\"twitter:label1\" content=\"Tiempo de lectura\" \/>\n\t<meta name=\"twitter:data1\" content=\"2 minutos\" \/>\n<script type=\"application\/ld+json\" class=\"yoast-schema-graph\">{\"@context\":\"https:\/\/schema.org\",\"@graph\":[{\"@type\":\"WebPage\",\"@id\":\"https:\/\/centreassistencia.com\/es\/servicios\/servicio-de-asistencia-sanitaria-sas\/\",\"url\":\"https:\/\/centreassistencia.com\/es\/servicios\/servicio-de-asistencia-sanitaria-sas\/\",\"name\":\"Servicio de asistencia sanitaria (SAS) - Centre d&#039;Assist\u00e8ncia Socio Sanit\u00e0ria\",\"isPartOf\":{\"@id\":\"https:\/\/centreassistencia.com\/#website\"},\"primaryImageOfPage\":{\"@id\":\"https:\/\/centreassistencia.com\/es\/servicios\/servicio-de-asistencia-sanitaria-sas\/#primaryimage\"},\"image\":{\"@id\":\"https:\/\/centreassistencia.com\/es\/servicios\/servicio-de-asistencia-sanitaria-sas\/#primaryimage\"},\"thumbnailUrl\":\"https:\/\/centreassistencia.com\/wp-content\/uploads\/2016\/01\/sas.jpg\",\"datePublished\":\"2015-10-13T15:18:53+00:00\",\"dateModified\":\"2016-03-24T09:42:45+00:00\",\"breadcrumb\":{\"@id\":\"https:\/\/centreassistencia.com\/es\/servicios\/servicio-de-asistencia-sanitaria-sas\/#breadcrumb\"},\"inLanguage\":\"es\",\"potentialAction\":[{\"@type\":\"ReadAction\",\"target\":[\"https:\/\/centreassistencia.com\/es\/servicios\/servicio-de-asistencia-sanitaria-sas\/\"]}]},{\"@type\":\"ImageObject\",\"inLanguage\":\"es\",\"@id\":\"https:\/\/centreassistencia.com\/es\/servicios\/servicio-de-asistencia-sanitaria-sas\/#primaryimage\",\"url\":\"https:\/\/centreassistencia.com\/wp-content\/uploads\/2016\/01\/sas.jpg\",\"contentUrl\":\"https:\/\/centreassistencia.com\/wp-content\/uploads\/2016\/01\/sas.jpg\"},{\"@type\":\"BreadcrumbList\",\"@id\":\"https:\/\/centreassistencia.com\/es\/servicios\/servicio-de-asistencia-sanitaria-sas\/#breadcrumb\",\"itemListElement\":[{\"@type\":\"ListItem\",\"position\":1,\"name\":\"Inici\",\"item\":\"https:\/\/centreassistencia.com\/es\/\"},{\"@type\":\"ListItem\",\"position\":2,\"name\":\"Servicios\",\"item\":\"https:\/\/centreassistencia.com\/es\/servicios\/\"},{\"@type\":\"ListItem\",\"position\":3,\"name\":\"Servicio de asistencia sanitaria (SAS)\"}]},{\"@type\":\"WebSite\",\"@id\":\"https:\/\/centreassistencia.com\/#website\",\"url\":\"https:\/\/centreassistencia.com\/\",\"name\":\"Centre d&#039;Assist\u00e8ncia Socio Sanit\u00e0ria\",\"description\":\"\",\"publisher\":{\"@id\":\"https:\/\/centreassistencia.com\/#organization\"},\"potentialAction\":[{\"@type\":\"SearchAction\",\"target\":{\"@type\":\"EntryPoint\",\"urlTemplate\":\"https:\/\/centreassistencia.com\/?s={search_term_string}\"},\"query-input\":{\"@type\":\"PropertyValueSpecification\",\"valueRequired\":true,\"valueName\":\"search_term_string\"}}],\"inLanguage\":\"es\"},{\"@type\":\"Organization\",\"@id\":\"https:\/\/centreassistencia.com\/#organization\",\"name\":\"Centre d'Assist\u00e8ncia Socio Sanit\u00e0ria S.L.\",\"url\":\"https:\/\/centreassistencia.com\/\",\"logo\":{\"@type\":\"ImageObject\",\"inLanguage\":\"es\",\"@id\":\"https:\/\/centreassistencia.com\/#\/schema\/logo\/image\/\",\"url\":\"https:\/\/centreassistencia.com\/wp-content\/uploads\/2015\/10\/logo-cass.png\",\"contentUrl\":\"https:\/\/centreassistencia.com\/wp-content\/uploads\/2015\/10\/logo-cass.png\",\"width\":380,\"height\":143,\"caption\":\"Centre d'Assist\u00e8ncia Socio Sanit\u00e0ria S.L.\"},\"image\":{\"@id\":\"https:\/\/centreassistencia.com\/#\/schema\/logo\/image\/\"}}]}<\/script>\n<!-- \/ Yoast SEO plugin. -->","yoast_head_json":{"title":"Servicio de asistencia sanitaria (SAS) - Centre d&#039;Assist\u00e8ncia Socio Sanit\u00e0ria","robots":{"index":"index","follow":"follow","max-snippet":"max-snippet:-1","max-image-preview":"max-image-preview:large","max-video-preview":"max-video-preview:-1"},"canonical":"https:\/\/centreassistencia.com\/es\/servicios\/servicio-de-asistencia-sanitaria-sas\/","og_locale":"es_ES","og_type":"article","og_title":"Servicio de asistencia sanitaria (SAS) - Centre d&#039;Assist\u00e8ncia Socio Sanit\u00e0ria","og_description":"El Servicio de asistencia sanitaria (SAS) est\u00e1 inscrito en el Registro de Centros Servicios y Establecimientos Sanitarios del Departamento de Salud de la Generalitat de Catalunya. En este \u00e1mbito adem\u00e1s de los cuidados m\u00e9dicos y de enfermer\u00eda dirigidos tanto a los usuarios de (SAD) como a aquellos otros que, sin serlo, necesitan la asistencia de...","og_url":"https:\/\/centreassistencia.com\/es\/servicios\/servicio-de-asistencia-sanitaria-sas\/","og_site_name":"Centre d&#039;Assist\u00e8ncia Socio Sanit\u00e0ria","article_modified_time":"2016-03-24T09:42:45+00:00","og_image":[{"url":"https:\/\/centreassistencia.com\/wp-content\/uploads\/2016\/01\/sas.jpg","type":"","width":"","height":""}],"twitter_card":"summary_large_image","twitter_misc":{"Tiempo de lectura":"2 minutos"},"schema":{"@context":"https:\/\/schema.org","@graph":[{"@type":"WebPage","@id":"https:\/\/centreassistencia.com\/es\/servicios\/servicio-de-asistencia-sanitaria-sas\/","url":"https:\/\/centreassistencia.com\/es\/servicios\/servicio-de-asistencia-sanitaria-sas\/","name":"Servicio de asistencia sanitaria (SAS) - Centre d&#039;Assist\u00e8ncia Socio Sanit\u00e0ria","isPartOf":{"@id":"https:\/\/centreassistencia.com\/#website"},"primaryImageOfPage":{"@id":"https:\/\/centreassistencia.com\/es\/servicios\/servicio-de-asistencia-sanitaria-sas\/#primaryimage"},"image":{"@id":"https:\/\/centreassistencia.com\/es\/servicios\/servicio-de-asistencia-sanitaria-sas\/#primaryimage"},"thumbnailUrl":"https:\/\/centreassistencia.com\/wp-content\/uploads\/2016\/01\/sas.jpg","datePublished":"2015-10-13T15:18:53+00:00","dateModified":"2016-03-24T09:42:45+00:00","breadcrumb":{"@id":"https:\/\/centreassistencia.com\/es\/servicios\/servicio-de-asistencia-sanitaria-sas\/#breadcrumb"},"inLanguage":"es","potentialAction":[{"@type":"ReadAction","target":["https:\/\/centreassistencia.com\/es\/servicios\/servicio-de-asistencia-sanitaria-sas\/"]}]},{"@type":"ImageObject","inLanguage":"es","@id":"https:\/\/centreassistencia.com\/es\/servicios\/servicio-de-asistencia-sanitaria-sas\/#primaryimage","url":"https:\/\/centreassistencia.com\/wp-content\/uploads\/2016\/01\/sas.jpg","contentUrl":"https:\/\/centreassistencia.com\/wp-content\/uploads\/2016\/01\/sas.jpg"},{"@type":"BreadcrumbList","@id":"https:\/\/centreassistencia.com\/es\/servicios\/servicio-de-asistencia-sanitaria-sas\/#breadcrumb","itemListElement":[{"@type":"ListItem","position":1,"name":"Inici","item":"https:\/\/centreassistencia.com\/es\/"},{"@type":"ListItem","position":2,"name":"Servicios","item":"https:\/\/centreassistencia.com\/es\/servicios\/"},{"@type":"ListItem","position":3,"name":"Servicio de asistencia sanitaria (SAS)"}]},{"@type":"WebSite","@id":"https:\/\/centreassistencia.com\/#website","url":"https:\/\/centreassistencia.com\/","name":"Centre d&#039;Assist\u00e8ncia Socio Sanit\u00e0ria","description":"","publisher":{"@id":"https:\/\/centreassistencia.com\/#organization"},"potentialAction":[{"@type":"SearchAction","target":{"@type":"EntryPoint","urlTemplate":"https:\/\/centreassistencia.com\/?s={search_term_string}"},"query-input":{"@type":"PropertyValueSpecification","valueRequired":true,"valueName":"search_term_string"}}],"inLanguage":"es"},{"@type":"Organization","@id":"https:\/\/centreassistencia.com\/#organization","name":"Centre d'Assist\u00e8ncia Socio Sanit\u00e0ria S.L.","url":"https:\/\/centreassistencia.com\/","logo":{"@type":"ImageObject","inLanguage":"es","@id":"https:\/\/centreassistencia.com\/#\/schema\/logo\/image\/","url":"https:\/\/centreassistencia.com\/wp-content\/uploads\/2015\/10\/logo-cass.png","contentUrl":"https:\/\/centreassistencia.com\/wp-content\/uploads\/2015\/10\/logo-cass.png","width":380,"height":143,"caption":"Centre d'Assist\u00e8ncia Socio Sanit\u00e0ria S.L."},"image":{"@id":"https:\/\/centreassistencia.com\/#\/schema\/logo\/image\/"}}]}},"_links":{"self":[{"href":"https:\/\/centreassistencia.com\/es\/wp-json\/wp\/v2\/pages\/8406","targetHints":{"allow":["GET"]}}],"collection":[{"href":"https:\/\/centreassistencia.com\/es\/wp-json\/wp\/v2\/pages"}],"about":[{"href":"https:\/\/centreassistencia.com\/es\/wp-json\/wp\/v2\/types\/page"}],"author":[{"embeddable":true,"href":"https:\/\/centreassistencia.com\/es\/wp-json\/wp\/v2\/users\/1"}],"replies":[{"embeddable":true,"href":"https:\/\/centreassistencia.com\/es\/wp-json\/wp\/v2\/comments?post=8406"}],"version-history":[{"count":8,"href":"https:\/\/centreassistencia.com\/es\/wp-json\/wp\/v2\/pages\/8406\/revisions"}],"predecessor-version":[{"id":8589,"href":"https:\/\/centreassistencia.com\/es\/wp-json\/wp\/v2\/pages\/8406\/revisions\/8589"}],"up":[{"embeddable":true,"href":"https:\/\/centreassistencia.com\/es\/wp-json\/wp\/v2\/pages\/8391"}],"wp:attachment":[{"href":"https:\/\/centreassistencia.com\/es\/wp-json\/wp\/v2\/media?parent=8406"}],"curies":[{"name":"wp","href":"https:\/\/api.w.org\/{rel}","templated":true}]}}