{"id":8410,"date":"2015-10-13T17:20:42","date_gmt":"2015-10-13T15:20:42","guid":{"rendered":"https:\/\/centreassistencia.com\/nova_web\/?page_id=8410&#038;lang=es"},"modified":"2023-11-14T11:13:08","modified_gmt":"2023-11-14T09:13:08","slug":"contacto","status":"publish","type":"page","link":"https:\/\/centreassistencia.com\/es\/contacto\/","title":{"rendered":"Contacto"},"content":{"rendered":"<p>[vc_row][vc_column][vc_column_text]<div class=\"row \"><div class=\"wpv-grid grid-3-5  wpv-first-level first unextended animation-fade-in animated-active\" style=\"padding-top:0px;padding-bottom:0px\" id=\"wpv-column-3d2ecd536bdf0a67bdc6d434630c1c03\" >\t\t<h2 class=\"text-divider-double\">\t\t\tFormulario de contacto\t\t<\/h2>\t\t<div class=\"sep\"><\/div>\t[\/vc_column_text][\/vc_column][\/vc_row]\n<div class=\"wpcf7 no-js\" id=\"wpcf7-f8340-o1\" lang=\"es-ES\" dir=\"ltr\" data-wpcf7-id=\"8340\">\n<div class=\"screen-reader-response\"><p role=\"status\" aria-live=\"polite\" aria-atomic=\"true\"><\/p> <ul><\/ul><\/div>\n<form action=\"\/es\/wp-json\/wp\/v2\/pages\/8410#wpcf7-f8340-o1\" method=\"post\" class=\"wpcf7-form init\" aria-label=\"Formulario de contacto\" novalidate=\"novalidate\" data-status=\"init\">\n<fieldset class=\"hidden-fields-container\"><input type=\"hidden\" name=\"_wpcf7\" value=\"8340\" \/><input type=\"hidden\" name=\"_wpcf7_version\" value=\"6.1.5\" \/><input type=\"hidden\" name=\"_wpcf7_locale\" value=\"es_ES\" \/><input type=\"hidden\" name=\"_wpcf7_unit_tag\" value=\"wpcf7-f8340-o1\" \/><input type=\"hidden\" name=\"_wpcf7_container_post\" value=\"0\" \/><input type=\"hidden\" name=\"_wpcf7_posted_data_hash\" value=\"\" \/><input type=\"hidden\" name=\"_wpcf7_recaptcha_response\" value=\"\" \/>\n<\/fieldset>\n<p>Su nombre (campo obligatorio)\n<\/p>\n<p><span class=\"wpcf7-form-control-wrap\" data-name=\"your-name\"><input size=\"40\" maxlength=\"400\" class=\"wpcf7-form-control wpcf7-text wpcf7-validates-as-required\" aria-required=\"true\" aria-invalid=\"false\" value=\"\" type=\"text\" name=\"your-name\" \/><\/span>\n<\/p>\n<p>Su Email (campo obligatorio)\n<\/p>\n<p><span class=\"wpcf7-form-control-wrap\" data-name=\"your-email\"><input size=\"40\" maxlength=\"400\" class=\"wpcf7-form-control wpcf7-email wpcf7-validates-as-required wpcf7-text wpcf7-validates-as-email\" aria-required=\"true\" aria-invalid=\"false\" value=\"\" type=\"email\" name=\"your-email\" \/><\/span>\n<\/p>\n<p>Asunto\n<\/p>\n<p><span class=\"wpcf7-form-control-wrap\" data-name=\"your-subject\"><input size=\"40\" maxlength=\"400\" class=\"wpcf7-form-control wpcf7-text\" aria-invalid=\"false\" value=\"\" type=\"text\" name=\"your-subject\" \/><\/span>\n<\/p>\n<p>Mensaje\n<\/p>\n<p><span class=\"wpcf7-form-control-wrap\" data-name=\"your-message\"><textarea cols=\"40\" rows=\"10\" maxlength=\"2000\" class=\"wpcf7-form-control wpcf7-textarea\" aria-invalid=\"false\" name=\"your-message\"><\/textarea><\/span>\n<\/p>\n<p><span class=\"wpcf7-form-control-wrap\" data-name=\"acceptance-584\"><span class=\"wpcf7-form-control wpcf7-acceptance\"><span class=\"wpcf7-list-item\"><label><input type=\"checkbox\" name=\"acceptance-584\" value=\"1\" aria-invalid=\"false\" \/><span class=\"wpcf7-list-item-label\">He le\u00eddo y acepto la <a href=\"https:\/\/centreassistencia.com\/es\/aviso-legal\/#rgpd\" target=\"_blank\">pol\u00edtica de privacidad del Centre d\u2019Assist\u00e8ncia S\u00f2cio Sanit\u00e0ria S.L (CASS)<\/span><\/label><\/span><\/span><\/span>\n<\/p>\n<p><input class=\"wpcf7-form-control wpcf7-submit has-spinner\" type=\"submit\" value=\"Enviar\" \/>\n<\/p><div class=\"wpcf7-response-output\" aria-hidden=\"true\"><\/div>\n<\/form>\n<\/div>\n[vc_row][vc_column][vc_column_text]<\/div>\n<div class=\"wpv-grid grid-2-5  wpv-first-level unextended animation-fade-in animated-active\" style=\"padding-top:0px;padding-bottom:0px\" id=\"wpv-column-0ac2643d4ff161363588da17bbc399bc\" >\t\t<h2 class=\"text-divider-double\">\t\t\tCentre d'Assist\u00e8ncia S\u00f2cio Sanit\u00e0ria S.L.\t\t<\/h2>\t\t<div class=\"sep\"><\/div>\t<div class=\"row \"><div class=\"wpv-grid grid-1-1  first unextended animation-from-left animated-active\" style=\"padding-top:0px;padding-bottom:0px\" id=\"wpv-column-7c49911ed3d9948eace5ce25677096a5\" ><div class=\"services clearfix fullimage no-image no-icon has-button \" style=\"text-align:left;\">\n\t<div class=\"services-inside\">\n\t\t\t\t\t\t\t\t\t<div class=\"services-content\">\n<strong>Rambla d&#8217;Egara, 5 1er 2a<\/strong><br \/>\n<strong> 08224 Terrassa (Barcelona)<\/strong><\/p>\n<ul>\n<li>Tel: 93 788 80 92<\/li>\n<li>Fax:\u00a093 788 35 41<\/li>\n<li>email: <a href=\"mailto:info@centreassistencia.com\">info@centreassistencia.com<\/a><\/li>\n<\/ul>\n<p><img loading=\"lazy\" decoding=\"async\" class=\"alignleft size-full wp-image-8570\" src=\"https:\/\/centreassistencia.com\/wp-content\/uploads\/2016\/01\/tren.png\" alt=\"tren\" width=\"32\" height=\"44\" \/>A 100 metros de la estaci\u00f3n Rambla de los\u00a0Ferrocarriles de la Generalitat de Catalunya<\/p>\n<hr \/>\n<p><img loading=\"lazy\" decoding=\"async\" class=\"alignleft size-full wp-image-8567\" src=\"https:\/\/centreassistencia.com\/wp-content\/uploads\/2013\/03\/bus.png\" alt=\"bus\" width=\"32\" height=\"34\" \/>Parada de bus urbano de las l\u00edneas 1, 3, 4, 5, 6, 8, 12 a pocos metros\u00a0del Centre d&#8217;Assist\u00e8ncia Sociosanit\u00e0ria.<\/p>\n<p>A 50 metros de la estaci\u00f3n de autobuses de:<\/p>\n<ul>\n<li>Transports Generalitat de Catalunya (TGC)<\/li>\n<li>Transports Generals d&#8217;Olesa (TGO)<\/li>\n<li>Transports Alsina Graells<\/li>\n<\/ul>\n<\/div>\n\t\t\t\t\t<\/div>\n<\/div>\n<\/div><\/div><\/div><\/div>\n<div class=\"push\" style='height:40px'><\/div>[\/vc_column_text][\/vc_column][\/vc_row]<\/p>\n","protected":false},"excerpt":{"rendered":"<p>[vc_row][vc_column][vc_column_text][\/vc_column_text][\/vc_column][\/vc_row][vc_row][vc_column][vc_column_text] [\/vc_column_text][\/vc_column][\/vc_row]<\/p>\n","protected":false},"author":1,"featured_media":0,"parent":0,"menu_order":3,"comment_status":"closed","ping_status":"closed","template":"","meta":{"footnotes":""},"class_list":["post-8410","page","type-page","status-publish"],"yoast_head":"<!-- This site is optimized with the Yoast SEO plugin v27.2 - https:\/\/yoast.com\/product\/yoast-seo-wordpress\/ -->\n<title>Contacto - Centre d&#039;Assist\u00e8ncia Socio Sanit\u00e0ria<\/title>\n<meta name=\"description\" content=\"Ponte en contacto con nosotros y te atenderemos tan r\u00e1pido como nos sea posible.\" \/>\n<meta name=\"robots\" content=\"index, follow, max-snippet:-1, max-image-preview:large, max-video-preview:-1\" \/>\n<link rel=\"canonical\" href=\"https:\/\/centreassistencia.com\/es\/contacto\/\" \/>\n<meta property=\"og:locale\" content=\"es_ES\" \/>\n<meta property=\"og:type\" content=\"article\" \/>\n<meta property=\"og:title\" content=\"Contacto - Centre d&#039;Assist\u00e8ncia Socio Sanit\u00e0ria\" \/>\n<meta property=\"og:description\" content=\"Ponte en contacto con nosotros y te atenderemos tan r\u00e1pido como nos sea posible.\" \/>\n<meta property=\"og:url\" content=\"https:\/\/centreassistencia.com\/es\/contacto\/\" \/>\n<meta property=\"og:site_name\" content=\"Centre d&#039;Assist\u00e8ncia Socio Sanit\u00e0ria\" \/>\n<meta property=\"article:modified_time\" content=\"2023-11-14T09:13:08+00:00\" \/>\n<meta property=\"og:image\" content=\"https:\/\/centreassistencia.com\/wp-content\/uploads\/2016\/01\/tren.png\" \/>\n<meta name=\"twitter:card\" content=\"summary_large_image\" \/>\n<meta name=\"twitter:label1\" content=\"Tiempo de lectura\" \/>\n\t<meta name=\"twitter:data1\" content=\"1 minuto\" \/>\n<script type=\"application\/ld+json\" class=\"yoast-schema-graph\">{\"@context\":\"https:\/\/schema.org\",\"@graph\":[{\"@type\":\"WebPage\",\"@id\":\"https:\/\/centreassistencia.com\/es\/contacto\/\",\"url\":\"https:\/\/centreassistencia.com\/es\/contacto\/\",\"name\":\"Contacto - Centre d&#039;Assist\u00e8ncia Socio Sanit\u00e0ria\",\"isPartOf\":{\"@id\":\"https:\/\/centreassistencia.com\/#website\"},\"primaryImageOfPage\":{\"@id\":\"https:\/\/centreassistencia.com\/es\/contacto\/#primaryimage\"},\"image\":{\"@id\":\"https:\/\/centreassistencia.com\/es\/contacto\/#primaryimage\"},\"thumbnailUrl\":\"https:\/\/centreassistencia.com\/wp-content\/uploads\/2016\/01\/tren.png\",\"datePublished\":\"2015-10-13T15:20:42+00:00\",\"dateModified\":\"2023-11-14T09:13:08+00:00\",\"description\":\"Ponte en contacto con nosotros y te atenderemos tan r\u00e1pido como nos sea posible.\",\"breadcrumb\":{\"@id\":\"https:\/\/centreassistencia.com\/es\/contacto\/#breadcrumb\"},\"inLanguage\":\"es\",\"potentialAction\":[{\"@type\":\"ReadAction\",\"target\":[\"https:\/\/centreassistencia.com\/es\/contacto\/\"]}]},{\"@type\":\"ImageObject\",\"inLanguage\":\"es\",\"@id\":\"https:\/\/centreassistencia.com\/es\/contacto\/#primaryimage\",\"url\":\"https:\/\/centreassistencia.com\/wp-content\/uploads\/2016\/01\/tren.png\",\"contentUrl\":\"https:\/\/centreassistencia.com\/wp-content\/uploads\/2016\/01\/tren.png\"},{\"@type\":\"BreadcrumbList\",\"@id\":\"https:\/\/centreassistencia.com\/es\/contacto\/#breadcrumb\",\"itemListElement\":[{\"@type\":\"ListItem\",\"position\":1,\"name\":\"Inici\",\"item\":\"https:\/\/centreassistencia.com\/es\/\"},{\"@type\":\"ListItem\",\"position\":2,\"name\":\"Contacto\"}]},{\"@type\":\"WebSite\",\"@id\":\"https:\/\/centreassistencia.com\/#website\",\"url\":\"https:\/\/centreassistencia.com\/\",\"name\":\"Centre d&#039;Assist\u00e8ncia Socio Sanit\u00e0ria\",\"description\":\"\",\"publisher\":{\"@id\":\"https:\/\/centreassistencia.com\/#organization\"},\"potentialAction\":[{\"@type\":\"SearchAction\",\"target\":{\"@type\":\"EntryPoint\",\"urlTemplate\":\"https:\/\/centreassistencia.com\/?s={search_term_string}\"},\"query-input\":{\"@type\":\"PropertyValueSpecification\",\"valueRequired\":true,\"valueName\":\"search_term_string\"}}],\"inLanguage\":\"es\"},{\"@type\":\"Organization\",\"@id\":\"https:\/\/centreassistencia.com\/#organization\",\"name\":\"Centre d'Assist\u00e8ncia Socio Sanit\u00e0ria S.L.\",\"url\":\"https:\/\/centreassistencia.com\/\",\"logo\":{\"@type\":\"ImageObject\",\"inLanguage\":\"es\",\"@id\":\"https:\/\/centreassistencia.com\/#\/schema\/logo\/image\/\",\"url\":\"https:\/\/centreassistencia.com\/wp-content\/uploads\/2015\/10\/logo-cass.png\",\"contentUrl\":\"https:\/\/centreassistencia.com\/wp-content\/uploads\/2015\/10\/logo-cass.png\",\"width\":380,\"height\":143,\"caption\":\"Centre d'Assist\u00e8ncia Socio Sanit\u00e0ria S.L.\"},\"image\":{\"@id\":\"https:\/\/centreassistencia.com\/#\/schema\/logo\/image\/\"}}]}<\/script>\n<!-- \/ Yoast SEO plugin. -->","yoast_head_json":{"title":"Contacto - Centre d&#039;Assist\u00e8ncia Socio Sanit\u00e0ria","description":"Ponte en contacto con nosotros y te atenderemos tan r\u00e1pido como nos sea posible.","robots":{"index":"index","follow":"follow","max-snippet":"max-snippet:-1","max-image-preview":"max-image-preview:large","max-video-preview":"max-video-preview:-1"},"canonical":"https:\/\/centreassistencia.com\/es\/contacto\/","og_locale":"es_ES","og_type":"article","og_title":"Contacto - Centre d&#039;Assist\u00e8ncia Socio Sanit\u00e0ria","og_description":"Ponte en contacto con nosotros y te atenderemos tan r\u00e1pido como nos sea posible.","og_url":"https:\/\/centreassistencia.com\/es\/contacto\/","og_site_name":"Centre d&#039;Assist\u00e8ncia Socio Sanit\u00e0ria","article_modified_time":"2023-11-14T09:13:08+00:00","og_image":[{"url":"https:\/\/centreassistencia.com\/wp-content\/uploads\/2016\/01\/tren.png","type":"","width":"","height":""}],"twitter_card":"summary_large_image","twitter_misc":{"Tiempo de lectura":"1 minuto"},"schema":{"@context":"https:\/\/schema.org","@graph":[{"@type":"WebPage","@id":"https:\/\/centreassistencia.com\/es\/contacto\/","url":"https:\/\/centreassistencia.com\/es\/contacto\/","name":"Contacto - Centre d&#039;Assist\u00e8ncia Socio Sanit\u00e0ria","isPartOf":{"@id":"https:\/\/centreassistencia.com\/#website"},"primaryImageOfPage":{"@id":"https:\/\/centreassistencia.com\/es\/contacto\/#primaryimage"},"image":{"@id":"https:\/\/centreassistencia.com\/es\/contacto\/#primaryimage"},"thumbnailUrl":"https:\/\/centreassistencia.com\/wp-content\/uploads\/2016\/01\/tren.png","datePublished":"2015-10-13T15:20:42+00:00","dateModified":"2023-11-14T09:13:08+00:00","description":"Ponte en contacto con nosotros y te atenderemos tan r\u00e1pido como nos sea posible.","breadcrumb":{"@id":"https:\/\/centreassistencia.com\/es\/contacto\/#breadcrumb"},"inLanguage":"es","potentialAction":[{"@type":"ReadAction","target":["https:\/\/centreassistencia.com\/es\/contacto\/"]}]},{"@type":"ImageObject","inLanguage":"es","@id":"https:\/\/centreassistencia.com\/es\/contacto\/#primaryimage","url":"https:\/\/centreassistencia.com\/wp-content\/uploads\/2016\/01\/tren.png","contentUrl":"https:\/\/centreassistencia.com\/wp-content\/uploads\/2016\/01\/tren.png"},{"@type":"BreadcrumbList","@id":"https:\/\/centreassistencia.com\/es\/contacto\/#breadcrumb","itemListElement":[{"@type":"ListItem","position":1,"name":"Inici","item":"https:\/\/centreassistencia.com\/es\/"},{"@type":"ListItem","position":2,"name":"Contacto"}]},{"@type":"WebSite","@id":"https:\/\/centreassistencia.com\/#website","url":"https:\/\/centreassistencia.com\/","name":"Centre d&#039;Assist\u00e8ncia Socio Sanit\u00e0ria","description":"","publisher":{"@id":"https:\/\/centreassistencia.com\/#organization"},"potentialAction":[{"@type":"SearchAction","target":{"@type":"EntryPoint","urlTemplate":"https:\/\/centreassistencia.com\/?s={search_term_string}"},"query-input":{"@type":"PropertyValueSpecification","valueRequired":true,"valueName":"search_term_string"}}],"inLanguage":"es"},{"@type":"Organization","@id":"https:\/\/centreassistencia.com\/#organization","name":"Centre d'Assist\u00e8ncia Socio Sanit\u00e0ria S.L.","url":"https:\/\/centreassistencia.com\/","logo":{"@type":"ImageObject","inLanguage":"es","@id":"https:\/\/centreassistencia.com\/#\/schema\/logo\/image\/","url":"https:\/\/centreassistencia.com\/wp-content\/uploads\/2015\/10\/logo-cass.png","contentUrl":"https:\/\/centreassistencia.com\/wp-content\/uploads\/2015\/10\/logo-cass.png","width":380,"height":143,"caption":"Centre d'Assist\u00e8ncia Socio Sanit\u00e0ria S.L."},"image":{"@id":"https:\/\/centreassistencia.com\/#\/schema\/logo\/image\/"}}]}},"_links":{"self":[{"href":"https:\/\/centreassistencia.com\/es\/wp-json\/wp\/v2\/pages\/8410","targetHints":{"allow":["GET"]}}],"collection":[{"href":"https:\/\/centreassistencia.com\/es\/wp-json\/wp\/v2\/pages"}],"about":[{"href":"https:\/\/centreassistencia.com\/es\/wp-json\/wp\/v2\/types\/page"}],"author":[{"embeddable":true,"href":"https:\/\/centreassistencia.com\/es\/wp-json\/wp\/v2\/users\/1"}],"replies":[{"embeddable":true,"href":"https:\/\/centreassistencia.com\/es\/wp-json\/wp\/v2\/comments?post=8410"}],"version-history":[{"count":9,"href":"https:\/\/centreassistencia.com\/es\/wp-json\/wp\/v2\/pages\/8410\/revisions"}],"predecessor-version":[{"id":8835,"href":"https:\/\/centreassistencia.com\/es\/wp-json\/wp\/v2\/pages\/8410\/revisions\/8835"}],"wp:attachment":[{"href":"https:\/\/centreassistencia.com\/es\/wp-json\/wp\/v2\/media?parent=8410"}],"curies":[{"name":"wp","href":"https:\/\/api.w.org\/{rel}","templated":true}]}}