{"id":8654,"date":"2016-03-23T13:23:17","date_gmt":"2016-03-23T12:23:17","guid":{"rendered":"https:\/\/centreassistencia.com\/nova_web\/?page_id=8654&#038;lang=es"},"modified":"2016-03-24T11:19:30","modified_gmt":"2016-03-24T10:19:30","slug":"politica-de-cookies","status":"publish","type":"page","link":"https:\/\/centreassistencia.com\/es\/politica-de-cookies\/","title":{"rendered":"Pol\u00edtica de cookies"},"content":{"rendered":"<h4>\u00bfQu\u00e9 son las galletas o cookies?<\/h4>\n<p>Una galleta o cookie es un archivo que se descarga en tu ordenador al acceder a determinadas p\u00e1ginas web. Las cookies permiten a una p\u00e1gina web, entre otras cosas, almacenar y recuperar informaci\u00f3n sobre los h\u00e1bitos de navegaci\u00f3n de un usuario o de su equipo y, dependiendo de la informaci\u00f3n que contengan y de la forma en que utilice su equipo, pueden utilizarse para reconocer al usuario.<\/p>\n<h4>Tipo de galletas<\/h4>\n<ul>\n<li>Seg\u00fan quien sea la entidad que gestione el dominio desde donde se env\u00edan las cookies y trate los datos que se obtengan, se pueden distinguir dos tipos: galletas propias y cookies de terceros.<\/li>\n<li>Existe tambi\u00e9n una segunda clasificaci\u00f3n seg\u00fan el plazo de tiempo que permanecen almacenadas en el navegador del cliente, pudiendo tratarse de cookies de sesi\u00f3n o cookies persistentes.<\/li>\n<li>Existe otra clasificaci\u00f3n con cinco tipos de galletas seg\u00fan la finalidad para la que se traten los datos obtenidos: galletas t\u00e9cnicas, galletas de personalizaci\u00f3n, galletas de an\u00e1lisis, galletas publicitarias y galletas de publicidad comportamental.<\/li>\n<\/ul>\n<h4>\u00bfQu\u00e9 tipo de cookies utiliza esta p\u00e1gina web?<\/h4>\n<p>El centreassistencia.com utiliza en esta web varios tipos de cookies con la \u00fanica finalidad de mejorar la navegaci\u00f3n del usuario en este sitio web, sin ning\u00fan tipo de objetivo publicitario o similar. Todas las cookies, excepto la utilizada por Google Analytics, son temporales y desaparecen al cerrar la sesi\u00f3n. A continuaci\u00f3n se identifican las cookies que est\u00e1n siendo utilizadas en este portal as\u00ed como su tipolog\u00eda y funci\u00f3n:<\/p>\n<ul>\n<li>Cookies de an\u00e1lisis: Son aquellas que, bien tratadas por nosotros o por terceros, nos permiten cuantificar el n\u00famero de usuarios y as\u00ed realizar la medici\u00f3n y an\u00e1lisis estad\u00edstico de la utilizaci\u00f3n que hacen los usuarios del servicio ofrecido. Para ello se analiza tu navegaci\u00f3n en nuestra p\u00e1gina web, con el fin de mejorar la oferta de productos o servicios que te ofrecemos. <b><i>centreassistencia.com<\/i><\/b> utiliza Google Analytics, un servicio de anal\u00edtica web desarrollada por Google, que permite la medici\u00f3n y an\u00e1lisis de la navegaci\u00f3n en las p\u00e1ginas web. En tu navegador podr\u00e1s observar 4 galletas de este servicio. Seg\u00fan la tipolog\u00eda anterior se trata de galletas propias, de sesi\u00f3n y de an\u00e1lisis. Puedes encontrar m\u00e1s informaci\u00f3n sobre este tema e inhabilitar el uso de estas galletas consulte el siguiente <a href=\"https:\/\/www.google.com\/analytics\/learn\/privacy.html?hl=es\"> link <\/a>. A trav\u00e9s de la anal\u00edtica web no se obtiene informaci\u00f3n sobre tus datos personales. La informaci\u00f3n que se obtiene es la relativa al n\u00famero de usuarios que acceden a la web, el n\u00famero de p\u00e1ginas vistas, la frecuencia y repetici\u00f3n de las visitas, su duraci\u00f3n, el navegador utilizado, el operador que presta el servicio, el idioma, el terminal que utiliza, o la ciudad en la que est\u00e1 asignada su direcci\u00f3n IP. Informaci\u00f3n que posibilita un mejor y m\u00e1s apropiado servicio por parte de este portal. Si se desactivan estas galletas la web podr\u00e1 seguir funcionando.<\/li>\n<li>Galletas de tipo t\u00e9cnico: Son necesarias para la correcta navegaci\u00f3n por las p\u00e1ginas web. Gestiona el consentimiento del usuario ante el uso de las cookies en la p\u00e1gina web, con el objeto de evitar la excesiva molestia que pueda suponer mostr\u00f3 repetidamente informaci\u00f3n sobre la pol\u00edtica de galletas en la parte inferiror de la web a aquellas personas que hayan aceptado la misma. Si se desactivan estas galletas, no se recibir\u00e1n correctamente los contenidos del sitio web.<\/li>\n<li>Galletas de redes sociales: Son utilizadas para que puedas interactuar con diferentes plataformas sociales (Facebook, YouTube, Twitter, Flickr, etc.) y se generan \u00fanicamente para los usuarios de estas redes sociales. Las condiciones de uso de estas cookies y la informaci\u00f3n almacenada se regula por la pol\u00edtica de privacidad de la plataforma en cuesti\u00f3n.<br \/>\n<h4>Aceptaci\u00f3n de la Pol\u00edtica de galletas<\/h4>\n<p>Raiels.cat muestra informaci\u00f3n acerca de su Pol\u00edtica de cookies en la parte inferior de cualquier p\u00e1gina con cada inicio de sesi\u00f3n.<br \/>\nAnte esta informaci\u00f3n es posible llevar a cabo las siguientes acciones:<br \/>\nAceptar cookies: Si aceptas clicando el bot\u00f3n habilitado al efecto no volver\u00e1s a ver este aviso en esta web.<br \/>\nSeguir navegando: Puedes ignorar esta informaci\u00f3n y proseguir con la navegaci\u00f3n normal por la web. En este caso, el aviso se volver\u00e1 a mostrar la pr\u00f3xima vez que entres en la web hasta que clicar en el bot\u00f3n de aceptar.<br \/>\nModificar la configuraci\u00f3n. Podr\u00e1s obtener m\u00e1s informaci\u00f3n sobre qu\u00e9 son las cookies, conocer la Pol\u00edtica de galletas del Ministerio y modificar la configuraci\u00f3n de tu navegaci\u00f3n. Pero esto no evitar\u00e1 que se muestre el aviso sobre cookies en la pr\u00f3xima sesi\u00f3n de la web.<\/p>\n<h4>C\u00f3mo modificar la configuraci\u00f3n de las cookies<\/h4>\n<p>Puedes restringir, bloquear o borrar las cookies utilizando su navegador. En cada navegador la operativa es diferente. Aqu\u00ed tienes los enlaces para hacerlo con algunos de los navegadores m\u00e1s populares:<\/p>\n<ul>\n<li><a href=\"http:\/\/www.google.es\/intl\/es\/policies\/technologies\/managing\/\">Chrome<\/a><\/li>\n<li><a href=\"https:\/\/support.mozilla.org\/es\/kb\/cookies-informacion-que-los-sitios-web-guardan-en-\"> Firefox <\/a><\/li>\n<li><a href=\"http:\/\/windows.microsoft.com\/es-es\/windows7\/how-to-manage-cookies-in-internet-explorer-9\">Internet Explorer<\/a><\/li>\n<li><a href=\"https:\/\/support.apple.com\/kb\/PH19214?viewlocale=es_ES&amp;locale=en_US\"> Safari (en ingl\u00e9s) <\/a><\/li>\n<\/ul>\n<p><b><br \/>\n<i><\/i><\/b><\/li>\n<\/ul>\n","protected":false},"excerpt":{"rendered":"<p>\u00bfQu\u00e9 son las galletas o cookies? Una galleta o cookie es un archivo que se descarga en tu ordenador al acceder a determinadas p\u00e1ginas web. Las cookies permiten a una p\u00e1gina web, entre otras cosas, almacenar y recuperar informaci\u00f3n sobre los h\u00e1bitos de navegaci\u00f3n de un usuario o de su equipo y, dependiendo de la&#8230;<\/p>\n","protected":false},"author":1,"featured_media":0,"parent":0,"menu_order":0,"comment_status":"closed","ping_status":"closed","template":"","meta":{"footnotes":""},"class_list":["post-8654","page","type-page","status-publish"],"yoast_head":"<!-- This site is optimized with the Yoast SEO plugin v27.2 - https:\/\/yoast.com\/product\/yoast-seo-wordpress\/ -->\n<title>Pol\u00edtica de cookies - Centre d&#039;Assist\u00e8ncia Socio Sanit\u00e0ria<\/title>\n<meta name=\"robots\" content=\"noindex, follow\" \/>\n<meta property=\"og:locale\" content=\"es_ES\" \/>\n<meta property=\"og:type\" content=\"article\" \/>\n<meta property=\"og:title\" content=\"Pol\u00edtica de cookies - Centre d&#039;Assist\u00e8ncia Socio Sanit\u00e0ria\" \/>\n<meta property=\"og:description\" content=\"\u00bfQu\u00e9 son las galletas o cookies? Una galleta o cookie es un archivo que se descarga en tu ordenador al acceder a determinadas p\u00e1ginas web. Las cookies permiten a una p\u00e1gina web, entre otras cosas, almacenar y recuperar informaci\u00f3n sobre los h\u00e1bitos de navegaci\u00f3n de un usuario o de su equipo y, dependiendo de la...\" \/>\n<meta property=\"og:url\" content=\"https:\/\/centreassistencia.com\/es\/politica-de-cookies\/\" \/>\n<meta property=\"og:site_name\" content=\"Centre d&#039;Assist\u00e8ncia Socio Sanit\u00e0ria\" \/>\n<meta property=\"article:modified_time\" content=\"2016-03-24T10:19:30+00:00\" \/>\n<meta name=\"twitter:card\" content=\"summary_large_image\" \/>\n<meta name=\"twitter:label1\" content=\"Tiempo de lectura\" \/>\n\t<meta name=\"twitter:data1\" content=\"4 minutos\" \/>\n<script type=\"application\/ld+json\" class=\"yoast-schema-graph\">{\"@context\":\"https:\/\/schema.org\",\"@graph\":[{\"@type\":\"WebPage\",\"@id\":\"https:\/\/centreassistencia.com\/es\/politica-de-cookies\/\",\"url\":\"https:\/\/centreassistencia.com\/es\/politica-de-cookies\/\",\"name\":\"Pol\u00edtica de cookies - Centre d&#039;Assist\u00e8ncia Socio Sanit\u00e0ria\",\"isPartOf\":{\"@id\":\"https:\/\/centreassistencia.com\/#website\"},\"datePublished\":\"2016-03-23T12:23:17+00:00\",\"dateModified\":\"2016-03-24T10:19:30+00:00\",\"breadcrumb\":{\"@id\":\"https:\/\/centreassistencia.com\/es\/politica-de-cookies\/#breadcrumb\"},\"inLanguage\":\"es\",\"potentialAction\":[{\"@type\":\"ReadAction\",\"target\":[\"https:\/\/centreassistencia.com\/es\/politica-de-cookies\/\"]}]},{\"@type\":\"BreadcrumbList\",\"@id\":\"https:\/\/centreassistencia.com\/es\/politica-de-cookies\/#breadcrumb\",\"itemListElement\":[{\"@type\":\"ListItem\",\"position\":1,\"name\":\"Inici\",\"item\":\"https:\/\/centreassistencia.com\/es\/\"},{\"@type\":\"ListItem\",\"position\":2,\"name\":\"Pol\u00edtica de cookies\"}]},{\"@type\":\"WebSite\",\"@id\":\"https:\/\/centreassistencia.com\/#website\",\"url\":\"https:\/\/centreassistencia.com\/\",\"name\":\"Centre d&#039;Assist\u00e8ncia Socio Sanit\u00e0ria\",\"description\":\"\",\"publisher\":{\"@id\":\"https:\/\/centreassistencia.com\/#organization\"},\"potentialAction\":[{\"@type\":\"SearchAction\",\"target\":{\"@type\":\"EntryPoint\",\"urlTemplate\":\"https:\/\/centreassistencia.com\/?s={search_term_string}\"},\"query-input\":{\"@type\":\"PropertyValueSpecification\",\"valueRequired\":true,\"valueName\":\"search_term_string\"}}],\"inLanguage\":\"es\"},{\"@type\":\"Organization\",\"@id\":\"https:\/\/centreassistencia.com\/#organization\",\"name\":\"Centre d'Assist\u00e8ncia Socio Sanit\u00e0ria S.L.\",\"url\":\"https:\/\/centreassistencia.com\/\",\"logo\":{\"@type\":\"ImageObject\",\"inLanguage\":\"es\",\"@id\":\"https:\/\/centreassistencia.com\/#\/schema\/logo\/image\/\",\"url\":\"https:\/\/centreassistencia.com\/wp-content\/uploads\/2015\/10\/logo-cass.png\",\"contentUrl\":\"https:\/\/centreassistencia.com\/wp-content\/uploads\/2015\/10\/logo-cass.png\",\"width\":380,\"height\":143,\"caption\":\"Centre d'Assist\u00e8ncia Socio Sanit\u00e0ria S.L.\"},\"image\":{\"@id\":\"https:\/\/centreassistencia.com\/#\/schema\/logo\/image\/\"}}]}<\/script>\n<!-- \/ Yoast SEO plugin. -->","yoast_head_json":{"title":"Pol\u00edtica de cookies - Centre d&#039;Assist\u00e8ncia Socio Sanit\u00e0ria","robots":{"index":"noindex","follow":"follow"},"og_locale":"es_ES","og_type":"article","og_title":"Pol\u00edtica de cookies - Centre d&#039;Assist\u00e8ncia Socio Sanit\u00e0ria","og_description":"\u00bfQu\u00e9 son las galletas o cookies? Una galleta o cookie es un archivo que se descarga en tu ordenador al acceder a determinadas p\u00e1ginas web. Las cookies permiten a una p\u00e1gina web, entre otras cosas, almacenar y recuperar informaci\u00f3n sobre los h\u00e1bitos de navegaci\u00f3n de un usuario o de su equipo y, dependiendo de la...","og_url":"https:\/\/centreassistencia.com\/es\/politica-de-cookies\/","og_site_name":"Centre d&#039;Assist\u00e8ncia Socio Sanit\u00e0ria","article_modified_time":"2016-03-24T10:19:30+00:00","twitter_card":"summary_large_image","twitter_misc":{"Tiempo de lectura":"4 minutos"},"schema":{"@context":"https:\/\/schema.org","@graph":[{"@type":"WebPage","@id":"https:\/\/centreassistencia.com\/es\/politica-de-cookies\/","url":"https:\/\/centreassistencia.com\/es\/politica-de-cookies\/","name":"Pol\u00edtica de cookies - Centre d&#039;Assist\u00e8ncia Socio Sanit\u00e0ria","isPartOf":{"@id":"https:\/\/centreassistencia.com\/#website"},"datePublished":"2016-03-23T12:23:17+00:00","dateModified":"2016-03-24T10:19:30+00:00","breadcrumb":{"@id":"https:\/\/centreassistencia.com\/es\/politica-de-cookies\/#breadcrumb"},"inLanguage":"es","potentialAction":[{"@type":"ReadAction","target":["https:\/\/centreassistencia.com\/es\/politica-de-cookies\/"]}]},{"@type":"BreadcrumbList","@id":"https:\/\/centreassistencia.com\/es\/politica-de-cookies\/#breadcrumb","itemListElement":[{"@type":"ListItem","position":1,"name":"Inici","item":"https:\/\/centreassistencia.com\/es\/"},{"@type":"ListItem","position":2,"name":"Pol\u00edtica de cookies"}]},{"@type":"WebSite","@id":"https:\/\/centreassistencia.com\/#website","url":"https:\/\/centreassistencia.com\/","name":"Centre d&#039;Assist\u00e8ncia Socio Sanit\u00e0ria","description":"","publisher":{"@id":"https:\/\/centreassistencia.com\/#organization"},"potentialAction":[{"@type":"SearchAction","target":{"@type":"EntryPoint","urlTemplate":"https:\/\/centreassistencia.com\/?s={search_term_string}"},"query-input":{"@type":"PropertyValueSpecification","valueRequired":true,"valueName":"search_term_string"}}],"inLanguage":"es"},{"@type":"Organization","@id":"https:\/\/centreassistencia.com\/#organization","name":"Centre d'Assist\u00e8ncia Socio Sanit\u00e0ria S.L.","url":"https:\/\/centreassistencia.com\/","logo":{"@type":"ImageObject","inLanguage":"es","@id":"https:\/\/centreassistencia.com\/#\/schema\/logo\/image\/","url":"https:\/\/centreassistencia.com\/wp-content\/uploads\/2015\/10\/logo-cass.png","contentUrl":"https:\/\/centreassistencia.com\/wp-content\/uploads\/2015\/10\/logo-cass.png","width":380,"height":143,"caption":"Centre d'Assist\u00e8ncia Socio Sanit\u00e0ria S.L."},"image":{"@id":"https:\/\/centreassistencia.com\/#\/schema\/logo\/image\/"}}]}},"_links":{"self":[{"href":"https:\/\/centreassistencia.com\/es\/wp-json\/wp\/v2\/pages\/8654","targetHints":{"allow":["GET"]}}],"collection":[{"href":"https:\/\/centreassistencia.com\/es\/wp-json\/wp\/v2\/pages"}],"about":[{"href":"https:\/\/centreassistencia.com\/es\/wp-json\/wp\/v2\/types\/page"}],"author":[{"embeddable":true,"href":"https:\/\/centreassistencia.com\/es\/wp-json\/wp\/v2\/users\/1"}],"replies":[{"embeddable":true,"href":"https:\/\/centreassistencia.com\/es\/wp-json\/wp\/v2\/comments?post=8654"}],"version-history":[{"count":3,"href":"https:\/\/centreassistencia.com\/es\/wp-json\/wp\/v2\/pages\/8654\/revisions"}],"predecessor-version":[{"id":8679,"href":"https:\/\/centreassistencia.com\/es\/wp-json\/wp\/v2\/pages\/8654\/revisions\/8679"}],"wp:attachment":[{"href":"https:\/\/centreassistencia.com\/es\/wp-json\/wp\/v2\/media?parent=8654"}],"curies":[{"name":"wp","href":"https:\/\/api.w.org\/{rel}","templated":true}]}}