{"id":8772,"date":"2021-07-06T13:11:47","date_gmt":"2021-07-06T11:11:47","guid":{"rendered":"https:\/\/centreassistencia.com\/quieres-trabajar-con-nosotros\/"},"modified":"2021-07-06T13:11:48","modified_gmt":"2021-07-06T11:11:48","slug":"quieres-trabajar-con-nosotros","status":"publish","type":"page","link":"https:\/\/centreassistencia.com\/es\/quieres-trabajar-con-nosotros\/","title":{"rendered":"Quieres trabajar con nosotros?"},"content":{"rendered":"<p>[vc_row][vc_column]\n                <div class='gf_browser_gecko gform_wrapper' id='gform_wrapper_1' ><div id='gf_1' class='gform_anchor' tabindex='-1'><\/div><form method='post' enctype='multipart\/form-data' target='gform_ajax_frame_1' id='gform_1'  action='\/es\/wp-json\/wp\/v2\/pages\/8772#gf_1'>\n                        <div class='gform_body'><ul id='gform_fields_1' class='gform_fields top_label form_sublabel_below description_above'><li id='field_1_2'  class='gfield gfield_contains_required field_sublabel_below field_description_above gfield_visibility_visible' ><label class='gfield_label gfield_label_before_complex'  >Datos personales<span class='gfield_required'>*<\/span><\/label><div class='ginput_complex ginput_container no_prefix has_first_name no_middle_name has_last_name no_suffix gf_name_has_2 ginput_container_name' id='input_1_2'>\n                            \n                            <span id='input_1_2_3_container' class='name_first' >\n                                                    <input type='text' name='input_2.3' id='input_1_2_3' value='' aria-label='First name'   aria-required=\"true\" aria-invalid=\"false\" \/>\n                                                    <label for='input_1_2_3' >Nombre<\/label>\n                                                <\/span>\n                            \n                            <span id='input_1_2_6_container' class='name_last' >\n                                                    <input type='text' name='input_2.6' id='input_1_2_6' value='' aria-label='Last name'   aria-required=\"true\" aria-invalid=\"false\" \/>\n                                                    <label for='input_1_2_6' >Apellidos<\/label>\n                                                <\/span>\n                            \n                        <\/div><\/li><li id='field_1_3'  class='gfield gfield_contains_required field_sublabel_below field_description_above gfield_visibility_visible' ><label class='gfield_label gfield_label_before_complex'  >Direcci\u00f3n<span class='gfield_required'>*<\/span><\/label>    \n                    <div class='ginput_complex ginput_container has_street has_street2 has_city has_state has_zip ginput_container_address' id='input_1_3' >\n                         <span class='ginput_full address_line_1' id='input_1_3_1_container' >\n                                        <input type='text' name='input_3.1' id='input_1_3_1' value=''    aria-required=\"true\"\/>\n                                        <label for='input_1_3_1' id='input_1_3_1_label' >Calle<\/label>\n                                    <\/span><span class='ginput_full address_line_2' id='input_1_3_2_container' >\n                                        <input type='text' name='input_3.2' id='input_1_3_2' value=''   \/>\n                                        <label for='input_1_3_2' id='input_1_3_2_label' >N\u00famero<\/label>\n                                    <\/span><span class='ginput_left address_city' id='input_1_3_3_container' >\n                                    <input type='text' name='input_3.3' id='input_1_3_3' value=''    aria-required=\"true\"\/>\n                                    <label for='input_1_3_3' id='input_1_3_3_label' >Poblaci\u00f3n<\/label>\n                                 <\/span><span class='ginput_right address_state' id='input_1_3_4_container' >\n                                        <input type='text' name='input_3.4' id='input_1_3_4' value=''      aria-required=\"true\"\/>\n                                        <label for='input_1_3_4' id='input_1_3_4_label' >Prov\u00edncia<\/label>\n                                      <\/span><span class='ginput_left address_zip' id='input_1_3_5_container' >\n                                    <input type='text' name='input_3.5' id='input_1_3_5' value=''    aria-required=\"true\"\/>\n                                    <label for='input_1_3_5' id='input_1_3_5_label' >C\u00f3digo Postal<\/label>\n                                <\/span><input type='hidden' class='gform_hidden' name='input_3.6' id='input_1_3_6' value='Espanya'\/>\n                    <div class='gf_clear gf_clear_complex'><\/div>\n                <\/div><\/li><li id='field_1_4'  class='gfield gfield_contains_required field_sublabel_below field_description_above gfield_visibility_visible' ><label class='gfield_label' for='input_1_4' >Email<span class='gfield_required'>*<\/span><\/label><div class='ginput_container ginput_container_email'>\n                            <input name='input_4' id='input_1_4' type='text' value='' class='medium'    aria-required=\"true\" aria-invalid=\"false\" \/>\n                        <\/div><\/li><li id='field_1_5'  class='gfield gfield_contains_required field_sublabel_below field_description_above gfield_visibility_visible' ><label class='gfield_label' for='input_1_5' >Tel\u00e9fono<span class='gfield_required'>*<\/span><\/label><div class='ginput_container ginput_container_phone'><input name='input_5' id='input_1_5' type='text' value='' class='medium'   aria-required=\"true\" aria-invalid=\"false\"  \/><\/div><\/li><li id='field_1_7'  class='gfield gfield_contains_required field_sublabel_below field_description_above gfield_visibility_visible' ><label class='gfield_label'  >Disponibilidad horaria<span class='gfield_required'>*<\/span><\/label><div class='ginput_container ginput_container_checkbox'><ul class='gfield_checkbox' id='input_1_7'><li class='gchoice_1_7_1'>\n\t\t\t\t\t\t\t\t<input name='input_7.1' type='checkbox'  value='Ma\u00f1ana'  id='choice_1_7_1'   \/>\n\t\t\t\t\t\t\t\t<label for='choice_1_7_1' id='label_1_7_1'>Ma\u00f1ana<\/label>\n\t\t\t\t\t\t\t<\/li><li class='gchoice_1_7_2'>\n\t\t\t\t\t\t\t\t<input name='input_7.2' type='checkbox'  value='Tarde'  id='choice_1_7_2'   \/>\n\t\t\t\t\t\t\t\t<label for='choice_1_7_2' id='label_1_7_2'>Tarde<\/label>\n\t\t\t\t\t\t\t<\/li><li class='gchoice_1_7_3'>\n\t\t\t\t\t\t\t\t<input name='input_7.3' type='checkbox'  value='Noche'  id='choice_1_7_3'   \/>\n\t\t\t\t\t\t\t\t<label for='choice_1_7_3' id='label_1_7_3'>Noche<\/label>\n\t\t\t\t\t\t\t<\/li><\/ul><\/div><\/li><li id='field_1_9'  class='gfield gfield_contains_required field_sublabel_below field_description_above gfield_visibility_visible' ><label class='gfield_label'  >Disponibilidad de desplazamiento fuera de la poblaci\u00f3n de residencia<span class='gfield_required'>*<\/span><\/label><div class='ginput_container ginput_container_radio'><ul class='gfield_radio' id='input_1_9'><li class='gchoice_1_9_0'><input name='input_9' type='radio' value='S\u00ed'  id='choice_1_9_0'    \/><label for='choice_1_9_0' id='label_1_9_0'>S\u00ed<\/label><\/li><li class='gchoice_1_9_1'><input name='input_9' type='radio' value='No'  id='choice_1_9_1'    \/><label for='choice_1_9_1' id='label_1_9_1'>No<\/label><\/li><\/ul><\/div><\/li><li id='field_1_10'  class='gfield gfield_contains_required field_sublabel_below field_description_above gfield_visibility_visible' ><label class='gfield_label'  >Adjuntar curr\u00edculum<span class='gfield_required'>*<\/span><\/label><div class='gfield_description' id='gfield_description_1_10'>Legible y actualitzado. Copia de\/los t\u00edtulo\/s, seg\u00fan la formaci\u00f3n. Referencias con n\u00famero de tel\u00e9fono y persona de contacto.<\/div><div class='ginput_container ginput_container_fileupload'><div id='gform_multifile_upload_1_10' data-settings='{&quot;runtimes&quot;:&quot;html5,flash,html4&quot;,&quot;browse_button&quot;:&quot;gform_browse_button_1_10&quot;,&quot;container&quot;:&quot;gform_multifile_upload_1_10&quot;,&quot;drop_element&quot;:&quot;gform_drag_drop_area_1_10&quot;,&quot;filelist&quot;:&quot;gform_preview_1_10&quot;,&quot;unique_names&quot;:true,&quot;file_data_name&quot;:&quot;file&quot;,&quot;url&quot;:&quot;https:\\\/\\\/centreassistencia.com\\\/?gf_page=8d75c330f07871a&quot;,&quot;flash_swf_url&quot;:&quot;https:\\\/\\\/centreassistencia.com\\\/wp-includes\\\/js\\\/plupload\\\/plupload.flash.swf&quot;,&quot;silverlight_xap_url&quot;:&quot;https:\\\/\\\/centreassistencia.com\\\/wp-includes\\\/js\\\/plupload\\\/plupload.silverlight.xap&quot;,&quot;filters&quot;:{&quot;mime_types&quot;:[{&quot;title&quot;:&quot;Allowed Files&quot;,&quot;extensions&quot;:&quot;pdf&quot;}],&quot;max_file_size&quot;:&quot;16777216b&quot;},&quot;multipart&quot;:true,&quot;urlstream_upload&quot;:false,&quot;multipart_params&quot;:{&quot;form_id&quot;:1,&quot;field_id&quot;:10},&quot;gf_vars&quot;:{&quot;max_files&quot;:0,&quot;message_id&quot;:&quot;gform_multifile_messages_1_10&quot;,&quot;disallowed_extensions&quot;:[&quot;php&quot;,&quot;asp&quot;,&quot;aspx&quot;,&quot;cmd&quot;,&quot;csh&quot;,&quot;bat&quot;,&quot;html&quot;,&quot;htm&quot;,&quot;hta&quot;,&quot;jar&quot;,&quot;exe&quot;,&quot;com&quot;,&quot;js&quot;,&quot;lnk&quot;,&quot;htaccess&quot;,&quot;phtml&quot;,&quot;ps1&quot;,&quot;ps2&quot;,&quot;php3&quot;,&quot;php4&quot;,&quot;php5&quot;,&quot;php6&quot;,&quot;py&quot;,&quot;rb&quot;,&quot;tmp&quot;]}}' class='gform_fileupload_multifile'>\n\t\t\t\t\t\t\t\t\t\t<div id='gform_drag_drop_area_1_10' class='gform_drop_area'>\n\t\t\t\t\t\t\t\t\t\t\t<span class='gform_drop_instructions'>Drop files here or <\/span>\n\t\t\t\t\t\t\t\t\t\t\t<input id='gform_browse_button_1_10' type='button' value='Selecciona archivos' class='button gform_button_select_files' aria-describedby='extensions_message_1_10'  \/>\n\t\t\t\t\t\t\t\t\t\t<\/div>\n\t\t\t\t\t\t\t\t\t<\/div><span id='extensions_message_1_10' class='screen-reader-text'>Accepted file types: pdf.<\/span><div class='validation_message'>\n\t\t\t\t\t\t\t\t<ul id='gform_multifile_messages_1_10'>\n\t\t\t\t\t\t\t\t<\/ul>\n\t\t\t\t\t\t\t<\/div><\/div><div id='gform_preview_1_10'><\/div><\/li><li id='field_1_11'  class='gfield field_sublabel_below field_description_above gfield_visibility_visible' ><label class='gfield_label' for='input_1_11' >Comentarios<\/label><div class='ginput_container ginput_container_textarea'><textarea name='input_11' id='input_1_11' class='textarea medium'      aria-invalid=\"false\"   rows='10' cols='50'><\/textarea><\/div><\/li><li id='field_1_12'  class='gfield field_sublabel_below field_description_above gfield_visibility_visible' ><label class='gfield_label' for='input_1_12' ><\/label><div id='input_1_12' class='ginput_container ginput_recaptcha' data-sitekey='6Ley4XcbAAAAAJJ0rO5O3w17khxT7VpMwjUjsBOW'  data-theme='light' data-tabindex='-1' data-size='invisible' data-badge='bottomright'><\/div><\/li><li id='field_1_13'  class='gfield gfield_contains_required field_sublabel_below field_description_above gfield_visibility_visible' ><label class='gfield_label'  >Pol\u00edtica de privacidad<span class='gfield_required'>*<\/span><\/label><div class='ginput_container ginput_container_consent'><input name='input_13.1' id='input_1_13_1' type='checkbox' value='1'   aria-required=\"true\" aria-invalid=\"false\"   \/> <label class=\"gfield_consent_label\" for='input_1_13_1' >He le\u00eddo y acepto la <a href\"https:\/\/www.centreassistencia.com\/es\/aviso-legal\/#rgpd\">pol\u00edtica de privacidad<\/a> del Centre d\u2019Assist\u00e8ncia S\u00f2cio Sanit\u00e0ria S.L (CASS)<\/label><input type='hidden' name='input_13.2' value='He le\u00eddo y acepto la &lt;a href&quot;https:\/\/www.centreassistencia.com\/es\/aviso-legal\/#rgpd&quot;&gt;pol\u00edtica de privacidad&lt;\/a&gt; del Centre d\u2019Assist\u00e8ncia S\u00f2cio Sanit\u00e0ria S.L (CASS)' class='gform_hidden' \/><input type='hidden' name='input_13.3' value='2' class='gform_hidden' \/><\/div><\/li>\n                            <\/ul><\/div>\n        <div class='gform_footer top_label'> <input type='submit' id='gform_submit_button_1' class='gform_button button' value='Enviar'  onclick='if(window[\"gf_submitting_1\"]){return false;}  window[\"gf_submitting_1\"]=true;  ' onkeypress='if( event.keyCode == 13 ){ if(window[\"gf_submitting_1\"]){return false;} window[\"gf_submitting_1\"]=true;  jQuery(\"#gform_1\").trigger(\"submit\",[true]); }' \/> <input type='hidden' name='gform_ajax' value='form_id=1&amp;title=&amp;description=&amp;tabindex=0' \/>\n            <input type='hidden' class='gform_hidden' name='is_submit_1' value='1' \/>\n            <input type='hidden' class='gform_hidden' name='gform_submit' value='1' \/>\n            \n            <input type='hidden' class='gform_hidden' name='gform_unique_id' value='' \/>\n            <input type='hidden' class='gform_hidden' name='state_1' value='WyJ7XCIxMy4xXCI6XCJjZTJjNjBlMzBlYTJiMTE0YWZlNGIyYmI2ZTQ1NDBmMVwiLFwiMTMuMlwiOlwiMDBkN2Q4Y2M3ODU4MWQxZTIxNzJkMmI1OTMwNGFlMjZcIixcIjEzLjNcIjpcImQ0MjVlMGRiOTE3OWRhNTM2OTk5NmVhOWNmOGZlZmZkXCJ9IiwiNGQyZTllYjhlYWM1MjY1NmIzZWI0NjAzMDc0OTE4ZDUiXQ==' \/>\n            <input type='hidden' class='gform_hidden' name='gform_target_page_number_1' id='gform_target_page_number_1' value='0' \/>\n            <input type='hidden' class='gform_hidden' name='gform_source_page_number_1' id='gform_source_page_number_1' value='1' \/>\n            <input type='hidden' name='gform_field_values' value='' \/>\n            <input type='hidden' name='gform_uploaded_files' id='gform_uploaded_files_1' value='' \/>\n        <\/div>\n                        <\/form>\n                        <\/div>\n                <iframe style='display:none;width:0px;height:0px;' src='about:blank' name='gform_ajax_frame_1' id='gform_ajax_frame_1'>Este iframe contiene la l\u00f3gica necesaria para gestionar formularios con ajax activado.<\/iframe>\n                <script type='text\/javascript'>jQuery(document).ready(function($){gformInitSpinner( 1, 'https:\/\/centreassistencia.com\/wp-content\/plugins\/gravityforms\/images\/spinner.gif' );jQuery('#gform_ajax_frame_1').on('load',function(){var contents = jQuery(this).contents().find('*').html();var is_postback = contents.indexOf('GF_AJAX_POSTBACK') >= 0;if(!is_postback){return;}var form_content = jQuery(this).contents().find('#gform_wrapper_1');var is_confirmation = jQuery(this).contents().find('#gform_confirmation_wrapper_1').length > 0;var is_redirect = contents.indexOf('gformRedirect(){') >= 0;var is_form = form_content.length > 0 && ! is_redirect && ! is_confirmation;var mt = parseInt(jQuery('html').css('margin-top'), 10) + parseInt(jQuery('body').css('margin-top'), 10) + 100;if(is_form){jQuery('#gform_wrapper_1').html(form_content.html());if(form_content.hasClass('gform_validation_error')){jQuery('#gform_wrapper_1').addClass('gform_validation_error');} else {jQuery('#gform_wrapper_1').removeClass('gform_validation_error');}setTimeout( function() { \/* delay the scroll by 50 milliseconds to fix a bug in chrome *\/ jQuery(document).scrollTop(jQuery('#gform_wrapper_1').offset().top - mt); }, 50 );if(window['gformInitDatepicker']) {gformInitDatepicker();}if(window['gformInitPriceFields']) {gformInitPriceFields();}var current_page = jQuery('#gform_source_page_number_1').val();gformInitSpinner( 1, 'https:\/\/centreassistencia.com\/wp-content\/plugins\/gravityforms\/images\/spinner.gif' );jQuery(document).trigger('gform_page_loaded', [1, current_page]);window['gf_submitting_1'] = false;}else if(!is_redirect){var confirmation_content = jQuery(this).contents().find('.GF_AJAX_POSTBACK').html();if(!confirmation_content){confirmation_content = contents;}setTimeout(function(){jQuery('#gform_wrapper_1').replaceWith(confirmation_content);jQuery(document).scrollTop(jQuery('#gf_1').offset().top - mt);jQuery(document).trigger('gform_confirmation_loaded', [1]);window['gf_submitting_1'] = false;}, 50);}else{jQuery('#gform_1').append(contents);if(window['gformRedirect']) {gformRedirect();}}jQuery(document).trigger('gform_post_render', [1, current_page]);} );} );<\/script><script type='text\/javascript'> jQuery(document).bind('gform_post_render', function(event, formId, currentPage){if(formId == 1) {} } );jQuery(document).bind('gform_post_conditional_logic', function(event, formId, fields, isInit){} );<\/script><script type='text\/javascript'> jQuery(document).ready(function(){jQuery(document).trigger('gform_post_render', [1, 1]) } ); <\/script>[\/vc_column][\/vc_row]<\/p>\n","protected":false},"excerpt":{"rendered":"<p>[vc_row][vc_column][\/vc_column][\/vc_row]<\/p>\n","protected":false},"author":1,"featured_media":0,"parent":0,"menu_order":0,"comment_status":"closed","ping_status":"closed","template":"","meta":{"footnotes":""},"class_list":["post-8772","page","type-page","status-publish"],"yoast_head":"<!-- This site is optimized with the Yoast SEO plugin v27.2 - https:\/\/yoast.com\/product\/yoast-seo-wordpress\/ -->\n<title>Quieres trabajar con nosotros? - Centre d&#039;Assist\u00e8ncia Socio Sanit\u00e0ria<\/title>\n<meta name=\"robots\" content=\"index, follow, max-snippet:-1, max-image-preview:large, max-video-preview:-1\" \/>\n<link rel=\"canonical\" href=\"https:\/\/centreassistencia.com\/es\/quieres-trabajar-con-nosotros\/\" \/>\n<meta property=\"og:locale\" content=\"es_ES\" \/>\n<meta property=\"og:type\" content=\"article\" \/>\n<meta property=\"og:title\" content=\"Quieres trabajar con nosotros? - Centre d&#039;Assist\u00e8ncia Socio Sanit\u00e0ria\" \/>\n<meta property=\"og:description\" content=\"[vc_row][vc_column][\/vc_column][\/vc_row]\" \/>\n<meta property=\"og:url\" content=\"https:\/\/centreassistencia.com\/es\/quieres-trabajar-con-nosotros\/\" \/>\n<meta property=\"og:site_name\" content=\"Centre d&#039;Assist\u00e8ncia Socio Sanit\u00e0ria\" \/>\n<meta property=\"article:modified_time\" content=\"2021-07-06T11:11:48+00:00\" \/>\n<meta name=\"twitter:card\" content=\"summary_large_image\" \/>\n<script type=\"application\/ld+json\" class=\"yoast-schema-graph\">{\"@context\":\"https:\/\/schema.org\",\"@graph\":[{\"@type\":\"WebPage\",\"@id\":\"https:\/\/centreassistencia.com\/es\/quieres-trabajar-con-nosotros\/\",\"url\":\"https:\/\/centreassistencia.com\/es\/quieres-trabajar-con-nosotros\/\",\"name\":\"Quieres trabajar con nosotros? - Centre d&#039;Assist\u00e8ncia Socio Sanit\u00e0ria\",\"isPartOf\":{\"@id\":\"https:\/\/centreassistencia.com\/#website\"},\"datePublished\":\"2021-07-06T11:11:47+00:00\",\"dateModified\":\"2021-07-06T11:11:48+00:00\",\"breadcrumb\":{\"@id\":\"https:\/\/centreassistencia.com\/es\/quieres-trabajar-con-nosotros\/#breadcrumb\"},\"inLanguage\":\"es\",\"potentialAction\":[{\"@type\":\"ReadAction\",\"target\":[\"https:\/\/centreassistencia.com\/es\/quieres-trabajar-con-nosotros\/\"]}]},{\"@type\":\"BreadcrumbList\",\"@id\":\"https:\/\/centreassistencia.com\/es\/quieres-trabajar-con-nosotros\/#breadcrumb\",\"itemListElement\":[{\"@type\":\"ListItem\",\"position\":1,\"name\":\"Inici\",\"item\":\"https:\/\/centreassistencia.com\/es\/\"},{\"@type\":\"ListItem\",\"position\":2,\"name\":\"Quieres trabajar con nosotros?\"}]},{\"@type\":\"WebSite\",\"@id\":\"https:\/\/centreassistencia.com\/#website\",\"url\":\"https:\/\/centreassistencia.com\/\",\"name\":\"Centre d&#039;Assist\u00e8ncia Socio Sanit\u00e0ria\",\"description\":\"\",\"publisher\":{\"@id\":\"https:\/\/centreassistencia.com\/#organization\"},\"potentialAction\":[{\"@type\":\"SearchAction\",\"target\":{\"@type\":\"EntryPoint\",\"urlTemplate\":\"https:\/\/centreassistencia.com\/?s={search_term_string}\"},\"query-input\":{\"@type\":\"PropertyValueSpecification\",\"valueRequired\":true,\"valueName\":\"search_term_string\"}}],\"inLanguage\":\"es\"},{\"@type\":\"Organization\",\"@id\":\"https:\/\/centreassistencia.com\/#organization\",\"name\":\"Centre d'Assist\u00e8ncia Socio Sanit\u00e0ria S.L.\",\"url\":\"https:\/\/centreassistencia.com\/\",\"logo\":{\"@type\":\"ImageObject\",\"inLanguage\":\"es\",\"@id\":\"https:\/\/centreassistencia.com\/#\/schema\/logo\/image\/\",\"url\":\"https:\/\/centreassistencia.com\/wp-content\/uploads\/2015\/10\/logo-cass.png\",\"contentUrl\":\"https:\/\/centreassistencia.com\/wp-content\/uploads\/2015\/10\/logo-cass.png\",\"width\":380,\"height\":143,\"caption\":\"Centre d'Assist\u00e8ncia Socio Sanit\u00e0ria S.L.\"},\"image\":{\"@id\":\"https:\/\/centreassistencia.com\/#\/schema\/logo\/image\/\"}}]}<\/script>\n<!-- \/ Yoast SEO plugin. -->","yoast_head_json":{"title":"Quieres trabajar con nosotros? - Centre d&#039;Assist\u00e8ncia Socio Sanit\u00e0ria","robots":{"index":"index","follow":"follow","max-snippet":"max-snippet:-1","max-image-preview":"max-image-preview:large","max-video-preview":"max-video-preview:-1"},"canonical":"https:\/\/centreassistencia.com\/es\/quieres-trabajar-con-nosotros\/","og_locale":"es_ES","og_type":"article","og_title":"Quieres trabajar con nosotros? - Centre d&#039;Assist\u00e8ncia Socio Sanit\u00e0ria","og_description":"[vc_row][vc_column][\/vc_column][\/vc_row]","og_url":"https:\/\/centreassistencia.com\/es\/quieres-trabajar-con-nosotros\/","og_site_name":"Centre d&#039;Assist\u00e8ncia Socio Sanit\u00e0ria","article_modified_time":"2021-07-06T11:11:48+00:00","twitter_card":"summary_large_image","schema":{"@context":"https:\/\/schema.org","@graph":[{"@type":"WebPage","@id":"https:\/\/centreassistencia.com\/es\/quieres-trabajar-con-nosotros\/","url":"https:\/\/centreassistencia.com\/es\/quieres-trabajar-con-nosotros\/","name":"Quieres trabajar con nosotros? - Centre d&#039;Assist\u00e8ncia Socio Sanit\u00e0ria","isPartOf":{"@id":"https:\/\/centreassistencia.com\/#website"},"datePublished":"2021-07-06T11:11:47+00:00","dateModified":"2021-07-06T11:11:48+00:00","breadcrumb":{"@id":"https:\/\/centreassistencia.com\/es\/quieres-trabajar-con-nosotros\/#breadcrumb"},"inLanguage":"es","potentialAction":[{"@type":"ReadAction","target":["https:\/\/centreassistencia.com\/es\/quieres-trabajar-con-nosotros\/"]}]},{"@type":"BreadcrumbList","@id":"https:\/\/centreassistencia.com\/es\/quieres-trabajar-con-nosotros\/#breadcrumb","itemListElement":[{"@type":"ListItem","position":1,"name":"Inici","item":"https:\/\/centreassistencia.com\/es\/"},{"@type":"ListItem","position":2,"name":"Quieres trabajar con nosotros?"}]},{"@type":"WebSite","@id":"https:\/\/centreassistencia.com\/#website","url":"https:\/\/centreassistencia.com\/","name":"Centre d&#039;Assist\u00e8ncia Socio Sanit\u00e0ria","description":"","publisher":{"@id":"https:\/\/centreassistencia.com\/#organization"},"potentialAction":[{"@type":"SearchAction","target":{"@type":"EntryPoint","urlTemplate":"https:\/\/centreassistencia.com\/?s={search_term_string}"},"query-input":{"@type":"PropertyValueSpecification","valueRequired":true,"valueName":"search_term_string"}}],"inLanguage":"es"},{"@type":"Organization","@id":"https:\/\/centreassistencia.com\/#organization","name":"Centre d'Assist\u00e8ncia Socio Sanit\u00e0ria S.L.","url":"https:\/\/centreassistencia.com\/","logo":{"@type":"ImageObject","inLanguage":"es","@id":"https:\/\/centreassistencia.com\/#\/schema\/logo\/image\/","url":"https:\/\/centreassistencia.com\/wp-content\/uploads\/2015\/10\/logo-cass.png","contentUrl":"https:\/\/centreassistencia.com\/wp-content\/uploads\/2015\/10\/logo-cass.png","width":380,"height":143,"caption":"Centre d'Assist\u00e8ncia Socio Sanit\u00e0ria S.L."},"image":{"@id":"https:\/\/centreassistencia.com\/#\/schema\/logo\/image\/"}}]}},"_links":{"self":[{"href":"https:\/\/centreassistencia.com\/es\/wp-json\/wp\/v2\/pages\/8772","targetHints":{"allow":["GET"]}}],"collection":[{"href":"https:\/\/centreassistencia.com\/es\/wp-json\/wp\/v2\/pages"}],"about":[{"href":"https:\/\/centreassistencia.com\/es\/wp-json\/wp\/v2\/types\/page"}],"author":[{"embeddable":true,"href":"https:\/\/centreassistencia.com\/es\/wp-json\/wp\/v2\/users\/1"}],"replies":[{"embeddable":true,"href":"https:\/\/centreassistencia.com\/es\/wp-json\/wp\/v2\/comments?post=8772"}],"version-history":[{"count":1,"href":"https:\/\/centreassistencia.com\/es\/wp-json\/wp\/v2\/pages\/8772\/revisions"}],"predecessor-version":[{"id":8773,"href":"https:\/\/centreassistencia.com\/es\/wp-json\/wp\/v2\/pages\/8772\/revisions\/8773"}],"wp:attachment":[{"href":"https:\/\/centreassistencia.com\/es\/wp-json\/wp\/v2\/media?parent=8772"}],"curies":[{"name":"wp","href":"https:\/\/api.w.org\/{rel}","templated":true}]}}